{"id":1194,"date":"2020-12-18T11:37:28","date_gmt":"2020-12-18T10:37:28","guid":{"rendered":"https:\/\/www.cimgroupe.com\/?page_id=1194"},"modified":"2020-12-18T11:37:29","modified_gmt":"2020-12-18T10:37:29","slug":"cim-projet-360","status":"publish","type":"page","link":"https:\/\/www.cimgroupe.com\/en\/cim-projet-360\/","title":{"rendered":"CIM PROJET 360"},"content":{"rendered":"\r\n<div class=\"cim-header\" style=\"background-image:url(https:\/\/www.cimgroupe.com\/wp-content\/uploads\/2019\/12\/header-news-1.jpg);\">\r\n\t\t<div class=\"bottom-shape\"><\/div>\r\n\t<div class=\"container\">\r\n\t\t\t\t\t<div class=\"breadcrumb\">\r\n\t\t\t\t<ul>\r\n\t\t\t\t\t\t\t\t\t\t\t\t<li><a href=\"https:\/\/www.cimgroupe.com\/en\/\">Home<\/a><\/li>\r\n\t\t\t\t\t\t\t\t\t\t\t\t\t\t<li><span>CIM PROJET 360<\/span><\/li>\r\n\t\t\t\t\t\t\t\t\t\t\t<\/ul>\r\n\t\t\t<\/div>\r\n\t\t\t\t\t\r\n\t\t<div class=\"row\">\r\n\t\t\t<div class=\"col-12 col-lg-9\">\r\n\t\t\t\t<h1>CIM<br><strong>Projet 360<\/strong><\/h1>\r\n\t\t\t<\/div>\r\n\t\t<\/div>\r\n\t<\/div>\r\n<\/div>\n\n\r\n<div class=\"summary-section \">\r\n\t<div class=\"container-fluid\">\r\n\t\t<div class=\"row\">\r\n\t\t\r\n                            <div class=\"col-12 col-lg-3 h-100\">\r\n                    <div class=\"summary\">\r\n                        <div class=\"top-shape\"><\/div>\r\n                            <ul>\r\n\t\t\t\t\t\t\t\t\r\n                                                                    <li><a href=\"#creating-integrated-solutions\">Creating integrated solutions<\/a><\/li>\r\n                                                                        <li><a href=\"#meeting-your-funding-needs\">Meeting your funding needs<\/a><\/li>\r\n                                                                <\/ul>\r\n                    <\/div>\r\n                <\/div>\r\n                \r\n\t\t\t<div class=\"col-12 col-lg-9 h-100\">\r\n\t\t\t\t<div class=\"summary-section-content\">\r\n\t\t\t\t\t\n<div class=\"cim-intro\">\r\n\t<div class=\"container\">\r\n\t\tWorking with CIM means having access to the all of the expertise our group&#8217;s companies have developed as well as our strategic alliances, offering general project management, relevant integrated solutions and flexible financing options.\t<\/div>\r\n<\/div>\n\n<div class=\"cim-colored-container blue\" style=\"margin-top:30px;z-index:2;\">\r\n    <div class=\"colored-container-inner\">\r\n        \n<div class=\"simple-text \">\r\n\t\r\n\t<div class=\"container\">\r\n\t\t<div class=\"row\">\r\n\t\t\t<div class=\"col-1 decorator\"><\/div>\r\n\t\t\t<div class=\"col\">\r\n\t\t\t\t <h2 id=\"creating-integrated-solutions\"><strong>Creating integrated solutions<\/strong><\/h2> \t\t\t\t <div class=\"text\"><p>Rolling stock, depots, infrastructure &#8211; regardless of the scope and scale of your railway or urban transport project CIM is capable of coming up with integrated solutions and supporting you with its own expertise and know-how every step of the way, all the while ensuring everything is kept within budget.<\/p><\/div> \t\t\t\t<div class=\"ctas\">\r\n\t\t\t\t\t\t\t\t\t<\/div>\r\n\t\t\t<\/div>\r\n\t\t\t\r\n\t\t<\/div>\r\n\t<\/div>\r\n<\/div>\r\n\r\n\n\n<div class=\"cim-list-icn\">\r\n\t<div class=\"container\">\r\n\t\t\t\t\r\n\t\t<div class=\"elements\">\r\n\t\t\t\t\t\t\t\t<div class=\"element\">\r\n\t\t\t\t\t\t<div class=\"row\">\r\n\t\t\t\t\t\t\t<div class=\"col-1\">\r\n\t\t\t\t\t\t\t\t\t\t\t\t\t\t\t\t\t<img decoding=\"async\" src=\"https:\/\/www.cimgroupe.com\/wp-content\/uploads\/2020\/02\/icn-house-key-w.svg\">\r\n\t\t\t\t\t\t\t\t\t\t\t\t\t\t\t\t<\/div>\r\n\t\t\t\t\t\t\t<div class=\"col-11\">\r\n\t\t\t\t\t\t\t\t<h3>Turnkey management<\/h3>\t\t\t\t\t\t\t\t<p>CIM offers a holistic approach with integrated know-how to carry out construction or maintenance projects by combining its expertise in the fields of maintenance workshops, rolling stock and railway infrastructure.\u00a0<\/p><p>Our qualified, specialist teams are committed to seeing your project through every step of the way &#8211; from the design phase to manufacturing, supplying equipment and materials, installation works, commissioning and finally maintenance.<\/p>\t\t\t\t\t\t\t<\/div>\r\n\t\t\t\t\t\t<\/div>\r\n\t\t\t\t\t<\/div>\r\n\t\t\t\t\t\t\t\t\t\t<div class=\"element\">\r\n\t\t\t\t\t\t<div class=\"row\">\r\n\t\t\t\t\t\t\t<div class=\"col-1\">\r\n\t\t\t\t\t\t\t\t\t\t\t\t\t\t\t\t\t<img decoding=\"async\" src=\"https:\/\/www.cimgroupe.com\/wp-content\/uploads\/2020\/02\/icn-sketch-w.svg\">\r\n\t\t\t\t\t\t\t\t\t\t\t\t\t\t\t\t<\/div>\r\n\t\t\t\t\t\t\t<div class=\"col-11\">\r\n\t\t\t\t\t\t\t\t<h3>Bespoke solutions<\/h3>\t\t\t\t\t\t\t\t<p>CIM adapts its solutions to the particularities of your own railway or urban transport project. Our engineers therefore carry out development and innovation and then try to anticipate what constraints would be in place concerning maintenance as well as those problems linked to installing our equipment. Proposals are always made to provide you with bespoke solutions which respond to the actual needs on the ground.<\/p>\t\t\t\t\t\t\t<\/div>\r\n\t\t\t\t\t\t<\/div>\r\n\t\t\t\t\t<\/div>\r\n\t\t\t\t\t\t\t\t\t\t<div class=\"element\">\r\n\t\t\t\t\t\t<div class=\"row\">\r\n\t\t\t\t\t\t\t<div class=\"col-1\">\r\n\t\t\t\t\t\t\t\t\t\t\t\t\t\t\t\t\t<img decoding=\"async\" src=\"https:\/\/www.cimgroupe.com\/wp-content\/uploads\/2020\/02\/icn-analysis-w.svg\">\r\n\t\t\t\t\t\t\t\t\t\t\t\t\t\t\t\t<\/div>\r\n\t\t\t\t\t\t\t<div class=\"col-11\">\r\n\t\t\t\t\t\t\t\t<h3>Keeping within budget limitations<\/h3>\t\t\t\t\t\t\t\t<p>CIM monitors and controls the financial impact its anticipated services will have during each phase of project management for the purposes of ensuring your facilities and infrastructure are fully operational. Our priorities are meeting deadlines, ensuring quality and making sure the project is completed within budget.<\/p>\t\t\t\t\t\t\t<\/div>\r\n\t\t\t\t\t\t<\/div>\r\n\t\t\t\t\t<\/div>\r\n\t\t\t\t\t\t\t<\/div>\r\n\t<\/div>\r\n<\/div>\n    <\/div>\r\n<\/div>\r\n\n\n<div class=\"cim-colored-container red\" style=\"margin-top:-120px;z-index:1;--block-background-image:url(https:\/\/www.cimgroupe.com\/wp-content\/uploads\/2019\/12\/element-3.jpg);\">\r\n    <div class=\"colored-container-inner\">\r\n        \n\n    <\/div>\r\n<\/div>\r\n\n\n<div class=\"cim-colored-container dark-blue\" style=\"margin-top:-100px;z-index:2;\">\r\n    <div class=\"colored-container-inner\">\r\n        \n<div class=\"simple-text \">\r\n\t\r\n\t<div class=\"container\">\r\n\t\t<div class=\"row\">\r\n\t\t\t<div class=\"col-1 decorator\"><\/div>\r\n\t\t\t<div class=\"col\">\r\n\t\t\t\t <h2 id=\"meeting-your-funding-needs\">Meeting your funding needs<\/h2> \t\t\t\t <div class=\"text\"><p>CIM Projects helps you mobilise the funds required to carry out your railway or urban transport project. Due to the close relationships we keep with our clients, the fact we are always willing to listen to their needs and our versatility when it comes to implementing solutions, we have always been able to meet the financing needs identified for the projects we work on. This will obviously depend on the actual project in question as well as the context but CIM has financially robust partners available to help you in getting your project &#8211; no matter how complex &#8211; up and running.<\/p><\/div> \t\t\t\t<div class=\"ctas\">\r\n\t\t\t\t\t\t\t\t\t<\/div>\r\n\t\t\t<\/div>\r\n\t\t\t\r\n\t\t<\/div>\r\n\t<\/div>\r\n<\/div>\r\n\r\n\n\n<div class=\"cim-simple-list  bullet-red\">\r\n    <ul>\r\n        <li>These include lenders such as the European Investment Bank, the Inter-American Development Bank, CAF (France), <\/li><li>the African Development Bank Group and the West African Development Bank, our business partners (Soci\u00e9t\u00e9 G\u00e9n\u00e9rale, BNP Paribas) <\/li><li>credit insurance leaders such as COFACE, CESCE, KfW, Atradius and Euler Hermes.<\/li>    <\/ul>\r\n<\/div>\r\n\n    <\/div>\r\n<\/div>\r\n\n\t\t\t\t<\/div>\r\n\t\t\t<\/div>\r\n\t\t<\/div>\r\n\t<\/div>\r\n<\/div>\r\n","protected":false},"excerpt":{"rendered":"","protected":false},"author":5,"featured_media":0,"parent":0,"menu_order":0,"comment_status":"closed","ping_status":"closed","template":"","meta":{"_acf_changed":false,"footnotes":""},"class_list":["post-1194","page","type-page","status-publish","hentry"],"acf":[],"_links":{"self":[{"href":"https:\/\/www.cimgroupe.com\/en\/wp-json\/wp\/v2\/pages\/1194","targetHints":{"allow":["GET"]}}],"collection":[{"href":"https:\/\/www.cimgroupe.com\/en\/wp-json\/wp\/v2\/pages"}],"about":[{"href":"https:\/\/www.cimgroupe.com\/en\/wp-json\/wp\/v2\/types\/page"}],"author":[{"embeddable":true,"href":"https:\/\/www.cimgroupe.com\/en\/wp-json\/wp\/v2\/users\/5"}],"replies":[{"embeddable":true,"href":"https:\/\/www.cimgroupe.com\/en\/wp-json\/wp\/v2\/comments?post=1194"}],"version-history":[{"count":1,"href":"https:\/\/www.cimgroupe.com\/en\/wp-json\/wp\/v2\/pages\/1194\/revisions"}],"predecessor-version":[{"id":1195,"href":"https:\/\/www.cimgroupe.com\/en\/wp-json\/wp\/v2\/pages\/1194\/revisions\/1195"}],"wp:attachment":[{"href":"https:\/\/www.cimgroupe.com\/en\/wp-json\/wp\/v2\/media?parent=1194"}],"curies":[{"name":"wp","href":"https:\/\/api.w.org\/{rel}","templated":true}]}}