{"id":1074,"date":"2020-11-25T09:33:45","date_gmt":"2020-11-25T08:33:45","guid":{"rendered":"https:\/\/www.cimgroupe.com\/?page_id=1074"},"modified":"2024-08-05T11:06:45","modified_gmt":"2024-08-05T09:06:45","slug":"a-propos","status":"publish","type":"page","link":"https:\/\/www.cimgroupe.com\/es\/a-propos\/","title":{"rendered":"El grupo"},"content":{"rendered":"\r\n<div class=\"cim-header\" style=\"background-image:url(https:\/\/www.cimgroupe.com\/wp-content\/uploads\/2019\/12\/header-news-1.jpg);\">\r\n\t\t<div class=\"bottom-shape\"><\/div>\r\n\t<div class=\"container\">\r\n\t\t\t\t\t<div class=\"breadcrumb\">\r\n\t\t\t\t<ul>\r\n\t\t\t\t\t\t\t\t\t\t\t\t<li><a href=\"https:\/\/www.cimgroupe.com\/es\/\">Home<\/a><\/li>\r\n\t\t\t\t\t\t\t\t\t\t\t\t\t\t<li><span>El grupo<\/span><\/li>\r\n\t\t\t\t\t\t\t\t\t\t\t<\/ul>\r\n\t\t\t<\/div>\r\n\t\t\t\t\t\r\n\t\t<div class=\"row\">\r\n\t\t\t<div class=\"col-12 col-lg-9\">\r\n\t\t\t\t<h1>Un actor hist\u00f3rico e internacional del sector de transporte ferroviario<\/h1>\r\n\t\t\t<\/div>\r\n\t\t<\/div>\r\n\t<\/div>\r\n<\/div>\n\n\r\n<div class=\"summary-section \">\r\n\t<div class=\"container-fluid\">\r\n\t\t<div class=\"row\">\r\n\t\t\r\n                            <div class=\"col-12 col-lg-3 h-100\">\r\n                    <div class=\"summary\">\r\n                        <div class=\"top-shape\"><\/div>\r\n                            <ul>\r\n\t\t\t\t\t\t\t\t\r\n                                                                    <li><a href=\"#desde-hace-50-anos-nuestra-experiencia-marca-la-diferencia\">Desde hace 50 a\u00f1os, nuestra experiencia marca la diferencia<\/a><\/li>\r\n                                                                        <li><a href=\"#liderazgo\">Liderazgo<\/a><\/li>\r\n                                                                        <li><a href=\"#soluciones-en-respuesta-a-sus-necesidades-reales\">Soluciones en respuesta a sus necesidades reales<\/a><\/li>\r\n                                                                        <li><a href=\"#llegamos-mas-lejos\">Llegamos m\u00e1s lejos<\/a><\/li>\r\n                                                                        <li><a href=\"#valores-en-la-esencia-de-su-exito\">Valores en la esencia de su \u00e9xito<\/a><\/li>\r\n                                                                <\/ul>\r\n                    <\/div>\r\n                <\/div>\r\n                \r\n\t\t\t<div class=\"col-12 col-lg-9 h-100\">\r\n\t\t\t\t<div class=\"summary-section-content\">\r\n\t\t\t\t\t\n<div class=\"simple-text \">\r\n\t\r\n\t<div class=\"container\">\r\n\t\t<div class=\"row\">\r\n\t\t\t<div class=\"col-1 decorator\"><\/div>\r\n\t\t\t<div class=\"col\">\r\n\t\t\t\t <h2 id=\"desde-hace-50-anos-nuestra-experiencia-marca-la-diferencia\"><strong>Desde hace 50 a\u00f1os, nuestra experiencia marca la diferencia<\/strong><\/h2> \t\t\t\t <div class=\"text\"><p>Como actor hist\u00f3rico e internacional del sector de transporte ferroviario y urbano desde hace 50 a\u00f1os, CIM siempre se ha adaptado a un mercado en continua evoluci\u00f3n para as\u00ed responder mejor a los pedidos y necesidades de sus clientes y a la arquitectura variable de sus proyectos internacionales.<\/p><p>Con un gran crecimiento a lo largo del tiempo en cada uno de nuestras soluciones, extendemos continuamente nuestro campo de acci\u00f3n operacional e industrial a fin de brindar siempre soluciones adecuadas y adaptadas a todas las etapas de su proyecto, ya sea transporte urbano, ferroviario o carga. .<\/p><\/div> \t\t\t\t<div class=\"ctas\">\r\n\t\t\t\t\t\t\t\t\t\t\t\t<a class=\"cta\" href=\"https:\/\/www.cimgroupe.com\/es\/45-ans-dhistoire\/\" >Nuestra historia<\/a>\r\n\t\t\t\t\t\t\t\t\t\t\t<\/div>\r\n\t\t\t<\/div>\r\n\t\t\t\r\n\t\t<\/div>\r\n\t<\/div>\r\n<\/div>\r\n\r\n\n\n<div class=\"simple-text bg-blue\">\r\n\t\r\n\t<div class=\"container\">\r\n\t\t<div class=\"row\">\r\n\t\t\t<div class=\"col-1 decorator\"><\/div>\r\n\t\t\t<div class=\"col\">\r\n\t\t\t\t <h2 id=\"liderazgo\">Liderazgo<\/h2> \t\t\t\t <div class=\"text\"><p><em>Su proyecto de transporte urbano o ferroviario es \u00fanico.<\/em><br><em>CIM ofrece una soluci\u00f3n operacional adaptada, personalizada y de calidad en cada etapa.<\/em><\/p><p><em>Thomas Fournier, Director General de CIM<\/em><\/p><\/div> \t\t\t\t<div class=\"ctas\">\r\n\t\t\t\t\t\t\t\t\t\t\t\t<a class=\"cta\" href=\"https:\/\/www.cimgroupe.com\/es\/gouvernance\/\" >C\u00f3mo lo hacemos<\/a>\r\n\t\t\t\t\t\t\t\t\t\t\t<\/div>\r\n\t\t\t<\/div>\r\n\t\t\t\r\n\t\t<\/div>\r\n\t<\/div>\r\n<\/div>\r\n\r\n\n\n<div class=\"cim-columns\">\r\n\t<div class=\"container\">\r\n\t\t\t\t\t<h2 id=\"soluciones-en-respuesta-a-sus-necesidades-reales\"><strong>Soluciones en respuesta a sus necesidades reales<\/strong><\/h2>\r\n\t\t\t\t\t\t<div class=\"text\">A fin de ofrecer soluciones expertas, globales y\/o espec\u00edficas seg\u00fan las necesidades de nuestros clientes, decidimos estructurar nuestra oferta alrededor de 3 soluciones.<\/div>\r\n\t\t\t\t\t\r\n\t\t\r\n\t\t<div class=\"row\">\r\n\t\t\t\t\t\t\t<div class=\"col-12 col-lg-4\">\r\n\t\t\t\t\t<div class=\"element\">\r\n\t\t\t\t\t\t<img decoding=\"async\" src=\"https:\/\/www.cimgroupe.com\/wp-content\/uploads\/2020\/10\/atelier-maintenance-1.jpg\" \/>\t\t\t\t\t\t<h3>Taller de mantenimiento ferroviario<\/h3>\t\t\t\t\t\t<div class=\"element-text\"><p>Dise\u00f1o\/Estudios: innovaci\u00f3n, dimensionamiento e integraci\u00f3n.<br>Fabricaci\u00f3n de equipos de taller.<br>Instalaci\u00f3n, puesta en marcha y mantenimiento.<\/p><\/div>\t\t\t\t\t\t\t\t\t\t\t\t\t<a href=\"https:\/\/www.cimgroupe.com\/es\/atelier-de-maintenance\/\" class=\"cta\">M\u00e1s informaci\u00f3n sobre la empresa<\/a>\r\n\t\t\t\t\t\t\t\t\t\t\t\t<\/div>\r\n\t\t\t\t<\/div>\r\n\t\t\t\t\t\t\t\t<div class=\"col-12 col-lg-4\">\r\n\t\t\t\t\t<div class=\"element\">\r\n\t\t\t\t\t\t<img decoding=\"async\" src=\"https:\/\/www.cimgroupe.com\/wp-content\/uploads\/2020\/10\/materiel-roulant-equipement-1.jpg\" \/>\t\t\t\t\t\t<h3>Material rodante y equipos<\/h3>\t\t\t\t\t\t<div class=\"element-text\"><p>Suministro de material de construcci\u00f3n de primer nivel<br>Distribuci\u00f3n de repuestos y componentes<br>Fabricaci\u00f3n de acoplamientos autom\u00e1ticos<br>Mantenimiento, restauraci\u00f3n y modernizaci\u00f3n<\/p><\/div>\t\t\t\t\t\t\t\t\t\t\t\t\t<a href=\"https:\/\/www.cimgroupe.com\/es\/materiel-roulant-et-equipements\/\" class=\"cta\">M\u00e1s informaci\u00f3n sobre la empresa<\/a>\r\n\t\t\t\t\t\t\t\t\t\t\t\t<\/div>\r\n\t\t\t\t<\/div>\r\n\t\t\t\t\t\t\t\t<div class=\"col-12 col-lg-4\">\r\n\t\t\t\t\t<div class=\"element\">\r\n\t\t\t\t\t\t<img decoding=\"async\" src=\"https:\/\/www.cimgroupe.com\/wp-content\/uploads\/2020\/10\/materiel-equipement.jpg\" \/>\t\t\t\t\t\t<h3>Material y equipos de v\u00edas<\/h3>\t\t\t\t\t\t<div class=\"element-text\"><p>CIM suministra y\/o pone a nuevo el material de las v\u00edas adaptado a todo tipo de anchos, de secciones de riel y de geometr\u00eda a fin de responder a las necesidades de su proyecto.<\/p><\/div>\t\t\t\t\t\t\t\t\t\t\t\t\t<a href=\"https:\/\/www.cimgroupe.com\/es\/materiel-et-equipements-de-voie\/\" class=\"cta\">M\u00e1s informaci\u00f3n sobre la empresa<\/a>\r\n\t\t\t\t\t\t\t\t\t\t\t\t<\/div>\r\n\t\t\t\t<\/div>\r\n\t\t\t\t\t\t<\/div>\r\n\t<\/div>\r\n<\/div>\n\n<div class=\"simple-text bg-red\">\r\n\t\r\n\t<div class=\"container\">\r\n\t\t<div class=\"row\">\r\n\t\t\t<div class=\"col-1 decorator\"><\/div>\r\n\t\t\t<div class=\"col\">\r\n\t\t\t\t <h2 id=\"llegamos-mas-lejos\">Llegamos m\u00e1s lejos<\/h2> \t\t\t\t <div class=\"text\"><p>Como complemento de las soluciones industriales del Grupo, Proyecto 360 permite que los clientes aprovechen la experiencia y alianzas estrat\u00e9gicas de CIM para ofrecerles una gesti\u00f3n de proyecto llave en mano, soluciones integradas adecuadas y financiamiento adaptado a sus necesidades.<\/p><\/div> \t\t\t\t<div class=\"ctas\">\r\n\t\t\t\t\t\t\t\t\t\t\t\t<a class=\"cta\" href=\"https:\/\/www.cimgroupe.com\/es\/cim-projet-360\/\" >DESCUBRA NUESTROS PROYECTOS<\/a>\r\n\t\t\t\t\t\t\t\t\t\t\t<\/div>\r\n\t\t\t<\/div>\r\n\t\t\t\r\n\t\t<\/div>\r\n\t<\/div>\r\n<\/div>\r\n\r\n\n\n<div class=\"cim-list-icn\">\r\n\t<div class=\"container\">\r\n\t\t\t\t\t<h2 id=\"valores-en-la-esencia-de-su-exito\">Valores en la esencia de su \u00e9xito<\/h2>\r\n\t\t\t\t\t\t<div class=\"text\">Desde su creaci\u00f3n, CIM ha establecido con sus clientes y socios una relaci\u00f3n de confianza en el largo plazo.<br>Esta confianza se apoya en tres fundamentos: el profesionalismo y la experiencia, la satisfacci\u00f3n del cliente, la escucha y la proximidad.<\/div>\r\n\t\t\t\t\t\r\n\t\t<div class=\"elements\">\r\n\t\t\t\t\t\t\t\t<div class=\"element\">\r\n\t\t\t\t\t\t<div class=\"row\">\r\n\t\t\t\t\t\t\t<div class=\"col-1\">\r\n\t\t\t\t\t\t\t\t\t\t\t\t\t\t\t\t\t<img decoding=\"async\" src=\"https:\/\/www.cimgroupe.com\/wp-content\/uploads\/2019\/12\/icn-cog-red.svg\">\r\n\t\t\t\t\t\t\t\t\t\t\t\t\t\t\t\t<\/div>\r\n\t\t\t\t\t\t\t<div class=\"col-11\">\r\n\t\t\t\t\t\t\t\t<h3>Profesionalismo y experiencia<\/h3>\t\t\t\t\t\t\t\t<p>CIM es, por sobre todo, equipos de profesionales y expertos en el \u00e1mbito ferroviario que acompa\u00f1an desde hace 45 a\u00f1os las transformaciones del sector.<\/p><p>estamos comprometidos a poner todo lo mejor de nosotros en el d\u00eda a d\u00eda para seguir siendo CIM, su socio privilegiado.<\/p>\t\t\t\t\t\t\t<\/div>\r\n\t\t\t\t\t\t<\/div>\r\n\t\t\t\t\t<\/div>\r\n\t\t\t\t\t\t\t\t\t\t<div class=\"element\">\r\n\t\t\t\t\t\t<div class=\"row\">\r\n\t\t\t\t\t\t\t<div class=\"col-1\">\r\n\t\t\t\t\t\t\t\t\t\t\t\t\t\t\t\t\t<img decoding=\"async\" src=\"https:\/\/www.cimgroupe.com\/wp-content\/uploads\/2019\/12\/icn-satisfaction-red.svg\">\r\n\t\t\t\t\t\t\t\t\t\t\t\t\t\t\t\t<\/div>\r\n\t\t\t\t\t\t\t<div class=\"col-11\">\r\n\t\t\t\t\t\t\t\t<h3>Satisfacci\u00f3n del cliente<\/h3>\t\t\t\t\t\t\t\t<p>La satisfacci\u00f3n de nuestros clientes y socios est\u00e1 en la esencia de nuestro compromiso porque ella garantiza la confianza mutua.<\/p><p>Nos comprometemos a mantener nuestra excelencia industrial y operacional para crear las soluciones de mayor calidad, las m\u00e1s competitivas y las m\u00e1s adaptadas a su proyecto.<\/p>\t\t\t\t\t\t\t<\/div>\r\n\t\t\t\t\t\t<\/div>\r\n\t\t\t\t\t<\/div>\r\n\t\t\t\t\t\t\t\t\t\t<div class=\"element\">\r\n\t\t\t\t\t\t<div class=\"row\">\r\n\t\t\t\t\t\t\t<div class=\"col-1\">\r\n\t\t\t\t\t\t\t\t\t\t\t\t\t\t\t\t\t<img decoding=\"async\" src=\"https:\/\/www.cimgroupe.com\/wp-content\/uploads\/2019\/12\/icn-ear-red.svg\">\r\n\t\t\t\t\t\t\t\t\t\t\t\t\t\t\t\t<\/div>\r\n\t\t\t\t\t\t\t<div class=\"col-11\">\r\n\t\t\t\t\t\t\t\t<h3>Escucha y proximidad<\/h3>\t\t\t\t\t\t\t\t<p>Multi actor local e internacional, CIM ha dado prueba de su capacidad de intervenir en todos los continentes dentro del marco de proyectos tan variados como complejos.<\/p><p>Nos comprometemos a mantener este anclaje en el coraz\u00f3n de todos estos territorios para que la escucha y la proximidad sean nuestra fuerza y nuestro orgullo.<\/p>\t\t\t\t\t\t\t<\/div>\r\n\t\t\t\t\t\t<\/div>\r\n\t\t\t\t\t<\/div>\r\n\t\t\t\t\t\t\t<\/div>\r\n\t<\/div>\r\n<\/div>\n\t\t\t\t<\/div>\r\n\t\t\t<\/div>\r\n\t\t<\/div>\r\n\t<\/div>\r\n<\/div>\r\n\n\n<div class=\"cim-section\" style=\"background-image:url(https:\/\/www.cimgroupe.com\/wp-content\/uploads\/2021\/03\/cim-projet.jpg);\">\r\n\t\t\t<div class=\"overlay\"><\/div>\r\n\t\t\t<div class=\"container\">\r\n\t\t<div class=\"row\">\r\n\t\t\t<div class=\"col-12 col-lg-6\">\r\n\t\t\t\t <h2>PROJET 360<\/h2> \t\t\t\t <div class=\"text\">CIM Projects le ofrece el beneficio de su experiencia y sus alianzas estrat\u00e9gicas para proporcionarle una gesti\u00f3n de proyectos llave en mano, soluciones integradas pertinentes y una financiaci\u00f3n adaptada.<\/div> \t\t\t\t\t\t\t\t\t<div class=\"cta\">\r\n\t\t\t\t\t\t<a href=\"https:\/\/www.cimgroupe.com\/es\/cim-projet-360\/\"><strong>M\u00c1S INFORMACI\u00d3N SOBRE LA EMPRESA<\/strong><\/a>\r\n\t\t\t\t\t<\/div>\r\n\t\t\t\t\t\t\t\t<\/div>\r\n\t\t<\/div>\r\n\t<\/div>\r\n<\/div>","protected":false},"excerpt":{"rendered":"","protected":false},"author":5,"featured_media":0,"parent":0,"menu_order":0,"comment_status":"closed","ping_status":"closed","template":"","meta":{"_acf_changed":false,"footnotes":""},"class_list":["post-1074","page","type-page","status-publish","hentry"],"acf":[],"_links":{"self":[{"href":"https:\/\/www.cimgroupe.com\/es\/wp-json\/wp\/v2\/pages\/1074","targetHints":{"allow":["GET"]}}],"collection":[{"href":"https:\/\/www.cimgroupe.com\/es\/wp-json\/wp\/v2\/pages"}],"about":[{"href":"https:\/\/www.cimgroupe.com\/es\/wp-json\/wp\/v2\/types\/page"}],"author":[{"embeddable":true,"href":"https:\/\/www.cimgroupe.com\/es\/wp-json\/wp\/v2\/users\/5"}],"replies":[{"embeddable":true,"href":"https:\/\/www.cimgroupe.com\/es\/wp-json\/wp\/v2\/comments?post=1074"}],"version-history":[{"count":8,"href":"https:\/\/www.cimgroupe.com\/es\/wp-json\/wp\/v2\/pages\/1074\/revisions"}],"predecessor-version":[{"id":4048,"href":"https:\/\/www.cimgroupe.com\/es\/wp-json\/wp\/v2\/pages\/1074\/revisions\/4048"}],"wp:attachment":[{"href":"https:\/\/www.cimgroupe.com\/es\/wp-json\/wp\/v2\/media?parent=1074"}],"curies":[{"name":"wp","href":"https:\/\/api.w.org\/{rel}","templated":true}]}}