{"id":1110,"date":"2020-12-11T10:49:50","date_gmt":"2020-12-11T09:49:50","guid":{"rendered":"https:\/\/www.cimgroupe.com\/?page_id=1110"},"modified":"2024-12-30T16:36:17","modified_gmt":"2024-12-30T15:36:17","slug":"50-anos-de-historia","status":"publish","type":"page","link":"https:\/\/www.cimgroupe.com\/es\/50-anos-de-historia\/","title":{"rendered":"50 a\u00f1os de historia"},"content":{"rendered":"\r\n<div class=\"cim-header\" style=\"background-image:url(https:\/\/www.cimgroupe.com\/wp-content\/uploads\/2019\/12\/header-news-1.jpg);\">\r\n\t\t<div class=\"bottom-shape\"><\/div>\r\n\t<div class=\"container\">\r\n\t\t\t\t\t<div class=\"breadcrumb\">\r\n\t\t\t\t<ul>\r\n\t\t\t\t\t\t\t\t\t\t\t\t<li><a href=\"https:\/\/www.cimgroupe.com\/es\/\">Home<\/a><\/li>\r\n\t\t\t\t\t\t\t\t\t\t\t\t\t\t<li><span>50 a\u00f1os de historia<\/span><\/li>\r\n\t\t\t\t\t\t\t\t\t\t\t<\/ul>\r\n\t\t\t<\/div>\r\n\t\t\t\t\t\r\n\t\t<div class=\"row\">\r\n\t\t\t<div class=\"col-12 col-lg-9\">\r\n\t\t\t\t<h1>50 a\u00f1os de historia al servicio de la industria ferroviaria<\/h1>\r\n\t\t\t<\/div>\r\n\t\t<\/div>\r\n\t<\/div>\r\n<\/div>\n\n<div class=\"cim-timeline\">\r\n    <div class=\"container\">\r\n        <div class=\"timeline-container\">\r\n            <div class=\"bar\"><\/div>\r\n\r\n                            <div class=\"timeline-element-container first\">\r\n                    <div class=\"timeline-element head\">\r\n                         <h2>Fechas clave<\/h2>                                             <\/div>\r\n                <\/div>\r\n                \r\n                <div class=\"timeline-element-container animated\" data-animation=\"fadeInUp\" style=\"margin-top:-60px\" >\r\n                    <div class=\"timeline-element blue-filled\">\r\n                        <img decoding=\"async\" src=\"https:\/\/www.cimgroupe.com\/wp-content\/uploads\/2020\/10\/logerail.jpg\" \/>                        <div class=\"inner\">\r\n                            <div class=\"date\"><strong>197<\/strong>6<\/div>                            <div class=\"subtitle\">Creaci\u00f3n de Logerail<\/div>                            <p>Creaci\u00f3n de Logerail por parte del el gobierno franc\u00e9s y los constructores de equipos ferroviarios para asegurar una disponibilidad constante de piezas de repuesto y equipos para el material rodante de las redes ferroviarias francesas y del extranjero.<\/p>                                                                                <\/div>\r\n                                                    <div class=\"bottom-svg\">\r\n                                <svg xmlns=\"http:\/\/www.w3.org\/2000\/svg\" width=\"1920\" height=\"235\" viewBox=\"0 0 1920 235\">\r\n                                    <path style=\"fill:#FFFFFF\" data-name=\"svg-bottom\" d=\"M0,235V180L1920,0V235Z\" \/>\r\n                                <\/svg>\r\n                            <\/div>\r\n                                                <\/div>\r\n                <\/div>\r\n\r\n                \r\n                <div class=\"timeline-element-container animated\" data-animation=\"fadeInUp\" style=\"margin-top:-80px\" >\r\n                    <div class=\"timeline-element red\">\r\n                                                <div class=\"inner\">\r\n                            <div class=\"date\"><strong>1983<\/strong><\/div>                            <div class=\"subtitle\">MM. Worms &amp; Cie se convierte en accionario mayoritario.<\/div>                                                                                                            <\/div>\r\n                                            <\/div>\r\n                <\/div>\r\n\r\n                \r\n                <div class=\"timeline-element-container animated\" data-animation=\"fadeInUp\"  >\r\n                    <div class=\"timeline-element blue-filled\">\r\n                        <img decoding=\"async\" src=\"https:\/\/www.cimgroupe.com\/wp-content\/uploads\/2020\/10\/creation-cim-1.jpg\" \/>                        <div class=\"inner\">\r\n                            <div class=\"date\"><strong>1991<\/strong><\/div>                            <div class=\"subtitle\">Creaci\u00f3n de CIM<\/div>                            <p>Logerail se convierte en CIM (Compa\u00f1\u00eda internacional de mantenimiento)<\/p>                                                                                <\/div>\r\n                                                    <div class=\"bottom-svg\">\r\n                                <svg xmlns=\"http:\/\/www.w3.org\/2000\/svg\" width=\"1920\" height=\"235\" viewBox=\"0 0 1920 235\">\r\n                                    <path style=\"fill:#FFFFFF\" data-name=\"svg-bottom\" d=\"M0,235V180L1920,0V235Z\" \/>\r\n                                <\/svg>\r\n                            <\/div>\r\n                                                <\/div>\r\n                <\/div>\r\n\r\n                \r\n                <div class=\"timeline-element-container animated\" data-animation=\"fadeInUp\"  >\r\n                    <div class=\"timeline-element red\">\r\n                        <img decoding=\"async\" src=\"https:\/\/www.cimgroupe.com\/wp-content\/uploads\/2020\/10\/laf-2.jpg\" \/>                        <div class=\"inner\">\r\n                            <div class=\"date\"><strong>1993<\/strong><\/div>                            <div class=\"subtitle\">Adquisici\u00f3n de LAF<\/div>                            <p>CIM adquiere LAF (Aparatos Ferroviarios) y extiende as\u00ed su experiencia industrial a la fabricaci\u00f3n de acoplamientos autom\u00e1ticos.<\/p>                                                                                <\/div>\r\n                                            <\/div>\r\n                <\/div>\r\n\r\n                \r\n                <div class=\"timeline-element-container animated\" data-animation=\"fadeInUp\"  >\r\n                    <div class=\"timeline-element blue-filled\">\r\n                        <img decoding=\"async\" src=\"https:\/\/www.cimgroupe.com\/wp-content\/uploads\/2020\/10\/abc-couplers.jpg\" \/>                        <div class=\"inner\">\r\n                            <div class=\"date\"><strong>1996<\/strong><\/div>                            <div class=\"subtitle\">Lloyd ABC Couplers<\/div>                            <p>El fabricante ingl\u00e9s Lloyd ABC Couplers se une a CIM y completa as\u00ed la oferta de LAF<\/p>                                                                                <\/div>\r\n                                                    <div class=\"bottom-svg\">\r\n                                <svg xmlns=\"http:\/\/www.w3.org\/2000\/svg\" width=\"1920\" height=\"235\" viewBox=\"0 0 1920 235\">\r\n                                    <path style=\"fill:#FFFFFF\" data-name=\"svg-bottom\" d=\"M0,235V180L1920,0V235Z\" \/>\r\n                                <\/svg>\r\n                            <\/div>\r\n                                                <\/div>\r\n                <\/div>\r\n\r\n                \r\n                <div class=\"timeline-element-container animated\" data-animation=\"fadeInUp\"  >\r\n                    <div class=\"timeline-element red\">\r\n                                                <div class=\"inner\">\r\n                            <div class=\"date\"><strong>1997<\/strong><\/div>                            <div class=\"subtitle\">Gesti\u00f3n de LMBO<\/div>                            <p>La gerencia de la sociedad toma el control de la empresa por LMBO.<\/p>                            <div class=\"subtitle\">Adquisici\u00f3n de las sociedades Qu\u00e9lir y Rail Industries Canad\u00e1<\/div>                            <p>CIM adquiere a su competidor principal en los mercados africanos, la sociedad Qu\u00e9lor, y tambi\u00e9n la sociedad Rail Industries de Canad\u00e1.<\/p>                        <\/div>\r\n                                            <\/div>\r\n                <\/div>\r\n\r\n                \r\n                <div class=\"timeline-element-container animated\" data-animation=\"fadeInUp\"  >\r\n                    <div class=\"timeline-element blue-filled\">\r\n                        <img decoding=\"async\" src=\"https:\/\/www.cimgroupe.com\/wp-content\/uploads\/2020\/10\/SEPAV.jpg\" \/>                        <div class=\"inner\">\r\n                            <div class=\"date\"><strong>2000<\/strong><\/div>                            <div class=\"subtitle\">SEPAV<\/div>                            <p>SEPAV , fabricante de tripas de freno, entra al seno de CIM.<\/p>                                                                                <\/div>\r\n                                                    <div class=\"bottom-svg\">\r\n                                <svg xmlns=\"http:\/\/www.w3.org\/2000\/svg\" width=\"1920\" height=\"235\" viewBox=\"0 0 1920 235\">\r\n                                    <path style=\"fill:#FFFFFF\" data-name=\"svg-bottom\" d=\"M0,235V180L1920,0V235Z\" \/>\r\n                                <\/svg>\r\n                            <\/div>\r\n                                                <\/div>\r\n                <\/div>\r\n\r\n                \r\n                <div class=\"timeline-element-container animated\" data-animation=\"fadeInUp\"  >\r\n                    <div class=\"timeline-element red\">\r\n                                                <div class=\"inner\">\r\n                            <div class=\"date\"><strong>2006<\/strong><\/div>                                                        <p>CIM refuerza su experiencia en el \u00e1mbito de la miner\u00eda con la compra de fondos de comercio de Railways Mine and Plantation Equipment Ltd. (RMP), filial de MAN y competidor de Logerail en los pa\u00edses anglosajones.<\/p>                                                                                <\/div>\r\n                                            <\/div>\r\n                <\/div>\r\n\r\n                \r\n                <div class=\"timeline-element-container animated\" data-animation=\"fadeInUp\"  >\r\n                    <div class=\"timeline-element blue-filled\">\r\n                        <img decoding=\"async\" src=\"https:\/\/www.cimgroupe.com\/wp-content\/uploads\/2020\/10\/seg-1.jpg\" \/>                        <div class=\"inner\">\r\n                            <div class=\"date\"><strong>2013<\/strong><\/div>                            <div class=\"subtitle\">Adquisici\u00f3n de SEG \u2013 Sogema Engineering<\/div>                            <p>CIM adquiere SEG \u2013 Sogema Engineering, l\u00edder franc\u00e9s del dise\u00f1o y la fabricaci\u00f3n de equipos de taller y mantenimiento ferroviario. Para m\u00e1s informaci\u00f3n:<br>http:\/\/www.sogema-engineering.com\/<\/p>                                                                                <\/div>\r\n                                                    <div class=\"bottom-svg\">\r\n                                <svg xmlns=\"http:\/\/www.w3.org\/2000\/svg\" width=\"1920\" height=\"235\" viewBox=\"0 0 1920 235\">\r\n                                    <path style=\"fill:#FFFFFF\" data-name=\"svg-bottom\" d=\"M0,235V180L1920,0V235Z\" \/>\r\n                                <\/svg>\r\n                            <\/div>\r\n                                                <\/div>\r\n                <\/div>\r\n\r\n                \r\n                <div class=\"timeline-element-container animated\" data-animation=\"fadeInUp\"  >\r\n                    <div class=\"timeline-element red\">\r\n                                                <div class=\"inner\">\r\n                            <div class=\"date\"><strong>2014<\/strong><\/div>                                                        <p>CIM toma la representaci\u00f3n de France Rail Industrie (ex-BRITISH STEEL) para la venta de rieles en \u00c1frica subsahariana y crea una Joint-Venture CIM-FORMAT en Kazakhstan para la fabricaci\u00f3n de acoplamientos autom\u00e1ticos LAF bajo norma GOST.<\/p>                                                                                <\/div>\r\n                                            <\/div>\r\n                <\/div>\r\n\r\n                \r\n                <div class=\"timeline-element-container animated\" data-animation=\"fadeInUp\"  >\r\n                    <div class=\"timeline-element blue-filled\">\r\n                        <img decoding=\"async\" src=\"https:\/\/www.cimgroupe.com\/wp-content\/uploads\/2020\/10\/mechan-1.jpg\" \/>                        <div class=\"inner\">\r\n                            <div class=\"date\"><strong>2017<\/strong><\/div>                            <div class=\"subtitle\">Adquisici\u00f3n de MECHAN<\/div>                            <p>CIM adquiere MECHAN, l\u00edder brit\u00e1nico del dise\u00f1o y fabricaci\u00f3n de equipos de elevaci\u00f3n y mantenimiento para los talleres de mantenimiento ferroviarios.<br>Para m\u00e1s informaci\u00f3n: http:\/\/www.mechan.co.uk<\/p>                                                                                <\/div>\r\n                                                    <div class=\"bottom-svg\">\r\n                                <svg xmlns=\"http:\/\/www.w3.org\/2000\/svg\" width=\"1920\" height=\"235\" viewBox=\"0 0 1920 235\">\r\n                                    <path style=\"fill:#FFFFFF\" data-name=\"svg-bottom\" d=\"M0,235V180L1920,0V235Z\" \/>\r\n                                <\/svg>\r\n                            <\/div>\r\n                                                <\/div>\r\n                <\/div>\r\n\r\n                \r\n                <div class=\"timeline-element-container animated\" data-animation=\"fadeInUp\"  >\r\n                    <div class=\"timeline-element blue-filled\">\r\n                        <img decoding=\"async\" src=\"https:\/\/www.cimgroupe.com\/wp-content\/uploads\/2020\/10\/john-cockerill.jpg\" \/>                        <div class=\"inner\">\r\n                            <div class=\"date\"><strong>2018<\/strong><\/div>                            <div class=\"subtitle\">Cockerill Maintenance<\/div>                            <p>El grupo belga Cockerill Maintenance et Ing\u00e9nierie, cuyo nombr\u00e9 cambi\u00f3 a John Cockerill, toma el control de CIM y crea as\u00ed un polo de transporte franco-belga con una gran capacidad industrial.<\/p>                                                                                <\/div>\r\n                                                    <div class=\"bottom-svg\">\r\n                                <svg xmlns=\"http:\/\/www.w3.org\/2000\/svg\" width=\"1920\" height=\"235\" viewBox=\"0 0 1920 235\">\r\n                                    <path style=\"fill:#FFFFFF\" data-name=\"svg-bottom\" d=\"M0,235V180L1920,0V235Z\" \/>\r\n                                <\/svg>\r\n                            <\/div>\r\n                                                <\/div>\r\n                <\/div>\r\n\r\n                \r\n                <div class=\"timeline-element-container animated\" data-animation=\"fadeInUp\"  >\r\n                    <div class=\"timeline-element red\">\r\n                                                <div class=\"inner\">\r\n                            <div class=\"date\"><strong>Actualidad<\/strong> <\/div>                                                        <p>CIM es un grupo Pyme en crecimiento constante en sus principales \u00e1reas de experiencia y sostenido por accionistas industriales, lo que permite un desarrollo sostenible. CIM posee filiales en Canad\u00e1 (Rail Industries Canada), en el Reino Unido (Lloyd ABC Coupling Equipment &amp; Mechan), en T\u00fanez (CIM Logerail Tunisie), en Tanzania (CIM Logerail Tanzanie), en Madagascar (SRCD), en Singapur (Rail Solutions) y en Panam\u00e1 (TCP Rail) y sucursales en Congo, en Senegal, en Ecuador y en Rep\u00fablica Dominicana.<\/p>                                                                                <\/div>\r\n                                            <\/div>\r\n                <\/div>\r\n\r\n                \r\n            <div class=\"clear\"><\/div>\r\n\r\n        <\/div>\r\n    <\/div>\r\n<\/div>\r\n","protected":false},"excerpt":{"rendered":"","protected":false},"author":5,"featured_media":0,"parent":0,"menu_order":0,"comment_status":"closed","ping_status":"closed","template":"","meta":{"_acf_changed":false,"footnotes":""},"class_list":["post-1110","page","type-page","status-publish","hentry"],"acf":[],"_links":{"self":[{"href":"https:\/\/www.cimgroupe.com\/es\/wp-json\/wp\/v2\/pages\/1110","targetHints":{"allow":["GET"]}}],"collection":[{"href":"https:\/\/www.cimgroupe.com\/es\/wp-json\/wp\/v2\/pages"}],"about":[{"href":"https:\/\/www.cimgroupe.com\/es\/wp-json\/wp\/v2\/types\/page"}],"author":[{"embeddable":true,"href":"https:\/\/www.cimgroupe.com\/es\/wp-json\/wp\/v2\/users\/5"}],"replies":[{"embeddable":true,"href":"https:\/\/www.cimgroupe.com\/es\/wp-json\/wp\/v2\/comments?post=1110"}],"version-history":[{"count":3,"href":"https:\/\/www.cimgroupe.com\/es\/wp-json\/wp\/v2\/pages\/1110\/revisions"}],"predecessor-version":[{"id":4825,"href":"https:\/\/www.cimgroupe.com\/es\/wp-json\/wp\/v2\/pages\/1110\/revisions\/4825"}],"wp:attachment":[{"href":"https:\/\/www.cimgroupe.com\/es\/wp-json\/wp\/v2\/media?parent=1110"}],"curies":[{"name":"wp","href":"https:\/\/api.w.org\/{rel}","templated":true}]}}