{"id":1123,"date":"2020-12-11T12:04:37","date_gmt":"2020-12-11T11:04:37","guid":{"rendered":"https:\/\/www.cimgroupe.com\/?page_id=1123"},"modified":"2021-03-30T16:58:04","modified_gmt":"2021-03-30T14:58:04","slug":"compromiso-social-del-grupo","status":"publish","type":"page","link":"https:\/\/www.cimgroupe.com\/es\/compromiso-social-del-grupo\/","title":{"rendered":"Compromiso social del grupo"},"content":{"rendered":"\r\n<div class=\"cim-header\" style=\"background-image:url(https:\/\/www.cimgroupe.com\/wp-content\/uploads\/2019\/12\/header-news-1.jpg);\">\r\n\t\t<div class=\"bottom-shape\"><\/div>\r\n\t<div class=\"container\">\r\n\t\t\t\t\t<div class=\"breadcrumb\">\r\n\t\t\t\t<ul>\r\n\t\t\t\t\t\t\t\t\t\t\t\t<li><a href=\"https:\/\/www.cimgroupe.com\/es\/\">Home<\/a><\/li>\r\n\t\t\t\t\t\t\t\t\t\t\t\t\t\t<li><span>Compromiso social del grupo<\/span><\/li>\r\n\t\t\t\t\t\t\t\t\t\t\t<\/ul>\r\n\t\t\t<\/div>\r\n\t\t\t\t\t\r\n\t\t<div class=\"row\">\r\n\t\t\t<div class=\"col-12 col-lg-9\">\r\n\t\t\t\t<h1>Compromiso social del grupo<\/h1>\r\n\t\t\t<\/div>\r\n\t\t<\/div>\r\n\t<\/div>\r\n<\/div>\n\n\r\n<div class=\"summary-section \">\r\n\t<div class=\"container-fluid\">\r\n\t\t<div class=\"row\">\r\n\t\t\r\n                            <div class=\"col-12 col-lg-3 h-100\">\r\n                    <div class=\"summary\">\r\n                        <div class=\"top-shape\"><\/div>\r\n                            <ul>\r\n\t\t\t\t\t\t\t\t\r\n                                                                    <li><a href=\"#la-calidad-una-cuestion-de-confianza\">La calidad, una cuesti\u00f3n de confianza<\/a><\/li>\r\n                                                                        <li><a href=\"#los-ejes-de-la-certificacion\">Los ejes de la certificaci\u00f3n<\/a><\/li>\r\n                                                                        <li><a href=\"#nuestro-compromiso-social-y-ambiental\">Nuestro compromiso social y ambiental<\/a><\/li>\r\n                                                                        <li><a href=\"#un-codigo-de-etica-exigente-en-el-dia-a-dia\">Un c\u00f3digo de \u00e9tica exigente en el d\u00eda a d\u00eda<\/a><\/li>\r\n                                                                        <li><a href=\"#una-organizacion-interna-dedicada\">Una organizaci\u00f3n interna dedicada<\/a><\/li>\r\n                                                                <\/ul>\r\n                    <\/div>\r\n                <\/div>\r\n                \r\n\t\t\t<div class=\"col-12 col-lg-9 h-100\">\r\n\t\t\t\t<div class=\"summary-section-content\">\r\n\t\t\t\t\t\n<div class=\"cim-intro\">\r\n\t<div class=\"container\">\r\n\t\tParticipar en iniciativas ciudadanas y estructurarse naturalmente alrededor de compromisos con la calidad, la sociedad, la \u00e9tica y el medio ambiente.\t<\/div>\r\n<\/div>\n\n<div class=\"simple-text bg-blue\">\r\n\t\r\n\t<div class=\"container\">\r\n\t\t<div class=\"row\">\r\n\t\t\t<div class=\"col-1 decorator\"><\/div>\r\n\t\t\t<div class=\"col\">\r\n\t\t\t\t <h2 id=\"la-calidad-una-cuestion-de-confianza\">La calidad, una cuesti\u00f3n de confianza<\/h2> \t\t\t\t <div class=\"text\"><p>CIM ampli\u00f3 en 2012 su certificaci\u00f3n ISO 9001 a todo el conjunto de las divisiones ferroviarias, y en 2019 obtuvo la certificaci\u00f3n ISO 9001 Versi\u00f3n 2015 por Certificaci\u00f3n Bureau Veritas.<\/p><p>Una iniciativa fuerte que apunta a suministrar productos conformes, de calidad y competitivos en el plazo adecuado.<\/p><\/div> \t\t\t\t<div class=\"ctas\">\r\n\t\t\t\t\t\t\t\t\t<\/div>\r\n\t\t\t<\/div>\r\n\t\t\t\r\n\t\t<\/div>\r\n\t<\/div>\r\n<\/div>\r\n\r\n\n\n<div class=\"cim-list-icn\">\r\n\t<div class=\"container\">\r\n\t\t\t\t\t<h2 id=\"los-ejes-de-la-certificacion\">Los ejes de la certificaci\u00f3n<\/h2>\r\n\t\t\t\t\t\t<div class=\"text\">Para alcanzar este objetivo, establecimos una pol\u00edtica de calidad que se articula alrededor de los siguientes ejes:<\/div>\r\n\t\t\t\t\t\r\n\t\t<div class=\"elements\">\r\n\t\t\t\t\t\t\t\t<div class=\"element\">\r\n\t\t\t\t\t\t<div class=\"row\">\r\n\t\t\t\t\t\t\t<div class=\"col-1\">\r\n\t\t\t\t\t\t\t\t\t\t\t\t\t\t\t\t\t<img decoding=\"async\" src=\"https:\/\/www.cimgroupe.com\/wp-content\/uploads\/2020\/10\/ecoute.jpg\">\r\n\t\t\t\t\t\t\t\t\t\t\t\t\t\t\t\t<\/div>\r\n\t\t\t\t\t\t\t<div class=\"col-11\">\r\n\t\t\t\t\t\t\t\t\t\t\t\t\t\t\t\t<p>escucha y comprensi\u00f3n de las necesidades de las partes interesadas a fin de responder a sus exigencias y suministrarles productos y servicios conformes y competitivos en los plazos adecuados,<\/p>\t\t\t\t\t\t\t<\/div>\r\n\t\t\t\t\t\t<\/div>\r\n\t\t\t\t\t<\/div>\r\n\t\t\t\t\t\t\t\t\t\t<div class=\"element\">\r\n\t\t\t\t\t\t<div class=\"row\">\r\n\t\t\t\t\t\t\t<div class=\"col-1\">\r\n\t\t\t\t\t\t\t\t\t\t\t\t\t\t\t\t\t<img decoding=\"async\" src=\"https:\/\/www.cimgroupe.com\/wp-content\/uploads\/2020\/10\/satisfaction.jpg\">\r\n\t\t\t\t\t\t\t\t\t\t\t\t\t\t\t\t<\/div>\r\n\t\t\t\t\t\t\t<div class=\"col-11\">\r\n\t\t\t\t\t\t\t\t\t\t\t\t\t\t\t\t<p>desarrollo de la satisfacci\u00f3n del cliente,<\/p>\t\t\t\t\t\t\t<\/div>\r\n\t\t\t\t\t\t<\/div>\r\n\t\t\t\t\t<\/div>\r\n\t\t\t\t\t\t\t\t\t\t<div class=\"element\">\r\n\t\t\t\t\t\t<div class=\"row\">\r\n\t\t\t\t\t\t\t<div class=\"col-1\">\r\n\t\t\t\t\t\t\t\t\t\t\t\t\t\t\t\t\t<img decoding=\"async\" src=\"https:\/\/www.cimgroupe.com\/wp-content\/uploads\/2020\/10\/strategie.jpg\">\r\n\t\t\t\t\t\t\t\t\t\t\t\t\t\t\t\t<\/div>\r\n\t\t\t\t\t\t\t<div class=\"col-11\">\r\n\t\t\t\t\t\t\t\t\t\t\t\t\t\t\t\t<p>puesta en marcha de una estrategia empresarial eficaz vinculada con el an\u00e1lisis de riesgos y la mejora continua,<\/p>\t\t\t\t\t\t\t<\/div>\r\n\t\t\t\t\t\t<\/div>\r\n\t\t\t\t\t<\/div>\r\n\t\t\t\t\t\t\t\t\t\t<div class=\"element\">\r\n\t\t\t\t\t\t<div class=\"row\">\r\n\t\t\t\t\t\t\t<div class=\"col-1\">\r\n\t\t\t\t\t\t\t\t\t\t\t\t\t\t\t\t\t<img decoding=\"async\" src=\"https:\/\/www.cimgroupe.com\/wp-content\/uploads\/2020\/10\/performance.jpg\">\r\n\t\t\t\t\t\t\t\t\t\t\t\t\t\t\t\t<\/div>\r\n\t\t\t\t\t\t\t<div class=\"col-11\">\r\n\t\t\t\t\t\t\t\t\t\t\t\t\t\t\t\t<p>medici\u00f3n del desempe\u00f1o de nuestros procesos a trav\u00e9s de objetivos identificados para llevar a cabo la estrategia, al mismo tiempo que se asegura el respeto de las exigencias normativas, reglamentarias y legales,<\/p>\t\t\t\t\t\t\t<\/div>\r\n\t\t\t\t\t\t<\/div>\r\n\t\t\t\t\t<\/div>\r\n\t\t\t\t\t\t\t\t\t\t<div class=\"element\">\r\n\t\t\t\t\t\t<div class=\"row\">\r\n\t\t\t\t\t\t\t<div class=\"col-1\">\r\n\t\t\t\t\t\t\t\t\t\t\t\t\t\t\t\t\t<img decoding=\"async\" src=\"https:\/\/www.cimgroupe.com\/wp-content\/uploads\/2020\/10\/efficacite.jpg\">\r\n\t\t\t\t\t\t\t\t\t\t\t\t\t\t\t\t<\/div>\r\n\t\t\t\t\t\t\t<div class=\"col-11\">\r\n\t\t\t\t\t\t\t\t\t\t\t\t\t\t\t\t<p>mejora de la eficacia de nuestro sistema de gesti\u00f3n de calidad a fin de mantener la confianza y el reconocimiento de las partes interesadas.<\/p>\t\t\t\t\t\t\t<\/div>\r\n\t\t\t\t\t\t<\/div>\r\n\t\t\t\t\t<\/div>\r\n\t\t\t\t\t\t\t<\/div>\r\n\t<\/div>\r\n<\/div>\n\n<div class=\"simple-text \">\r\n\t\r\n\t<div class=\"container\">\r\n\t\t<div class=\"row\">\r\n\t\t\t<div class=\"col-1 decorator\"><\/div>\r\n\t\t\t<div class=\"col\">\r\n\t\t\t\t <h2 id=\"nuestro-compromiso-social-y-ambiental\">Nuestro compromiso social y ambiental<\/h2> \t\t\t\t <div class=\"text\"><p>El desarrollo sostenible es un elemento clave de la estrategia de CIM. Apunta a responder activamente a las necesidades societarias de los socios de CIM y a anticipar la evoluci\u00f3n ambiental, social y econ\u00f3mica.<\/p><p>Desde 2017, estamos suscritos a la etiqueta ECOVADIS, que se enfoca en 3 ejes principales: la ecolog\u00eda, el c\u00f3digo de \u00e9tica y la seguridad de los empleados. ECOVADIS es una plataforma de calificaci\u00f3n del desarrollo sostenible. Esta plataforma obtiene su resultado seg\u00fan el desempe\u00f1o social y ambiental de las empresas.<\/p><p>Esta plataforma colaborativa (francesa) utilizada desde 2007 por 30.000 clientes en 110 pa\u00edses, se impone como el l\u00edder ineludible de la calificaci\u00f3n en responsabilidad social de las empresas.<\/p><p>Este a\u00f1o CIM ha obtenido la etiqueta SILVER (plata).<\/p><p>Por otra parte, el \u00e1rea de compras es un componente esencial de nuestra pol\u00edtica de desarrollo sostenible. A eso se debe que CIM invite a sus proveedores y subcontratistas a participar en esta iniciativa y comprometerse con un enfoque continuo de avance hacia los principios mencionados en el C\u00f3digo de desarrollo sostenible.<\/p><p>Como complemento a este enfoque interno, CIM se esfuerza por elegir proveedores reconocidos por su experiencia en el rubro ferroviario.<\/p><\/div> \t\t\t\t<div class=\"ctas\">\r\n\t\t\t\t\t\t\t\t\t<\/div>\r\n\t\t\t<\/div>\r\n\t\t\t\r\n\t\t<\/div>\r\n\t<\/div>\r\n<\/div>\r\n\r\n\n\n<div class=\"simple-text bg-red\">\r\n\t\r\n\t<div class=\"container\">\r\n\t\t<div class=\"row\">\r\n\t\t\t<div class=\"col-1 decorator\"><\/div>\r\n\t\t\t<div class=\"col\">\r\n\t\t\t\t <h2 id=\"un-codigo-de-etica-exigente-en-el-dia-a-dia\">Un c\u00f3digo de \u00e9tica exigente en el d\u00eda a d\u00eda<\/h2> \t\t\t\t <div class=\"text\"><p>Teniendo en cuenta el Pacto mundial de las Naciones Unidas que invita a las empresas a adoptar, sostener y aplicar un conjunto de valores fundamentales en el \u00e1mbito de los derechos del hombre, las normas de trabajo, el medio ambiente y la \u00e9tica, CIM se compromete a respectar del mejor modo posible las reglas m\u00e1s estrictas de \u00e9tica y conducta.<\/p><p>El cumplimiento de nuestros elevados objetivos \u00e9ticos implica cumplir criterios m\u00e1s exigentes que los impuestos por la ley vigente. CIM se preocupa por el esp\u00edritu y por la letra de los textos relativos a los derechos del hombre, al derecho al trabajo, a la salud y a la seguridad, a la protecci\u00f3n del medio ambiente, a la prevenci\u00f3n de la corrupci\u00f3n, a las pr\u00e1cticas de competencia leal y a las reglas fiscales.<\/p><p>El c\u00f3digo de \u00e9tica constituye un documento de referencia para la buena conducta de las actividades cotidianas de todos los empleados de CIM.<\/p><\/div> \t\t\t\t<div class=\"ctas\">\r\n\t\t\t\t\t\t\t\t\t\t\t\t<a class=\"cta\" href=\"https:\/\/www.cimgroupe.com\/wp-content\/uploads\/2020\/09\/DQ-11_A-Code-de-d\u00e9ontologie.pdf\" target=\"_blank\">DESCARGAR NUESTRO C\u00d3DIGO DE \u00c9TICA<\/a>\r\n\t\t\t\t\t\t\t\t\t\t\t<\/div>\r\n\t\t\t<\/div>\r\n\t\t\t\r\n\t\t<\/div>\r\n\t<\/div>\r\n<\/div>\r\n\r\n\n\n<div class=\"simple-text \">\r\n\t\r\n\t<div class=\"container\">\r\n\t\t<div class=\"row\">\r\n\t\t\t<div class=\"col-1 decorator\"><\/div>\r\n\t\t\t<div class=\"col\">\r\n\t\t\t\t <h2 id=\"una-organizacion-interna-dedicada\">Una organizaci\u00f3n interna dedicada<\/h2> \t\t\t\t <div class=\"text\"><p>El responsable de QSE (Calidad, Seguridad y Medio Ambiente) vinculado a la direcci\u00f3n general de CIM, cuenta con la autoridad necesaria para garantizar el mantenimiento de nuestras certificaciones. Est\u00e1 encargado de asegurar el buen funcionamiento de nuestro sistema de gesti\u00f3n y de hacer una revisi\u00f3n peri\u00f3dica con la direcci\u00f3n y los diferentes servicios para desarrollar la mejora continua en el seno de CIM.<\/p><\/div> \t\t\t\t<div class=\"ctas\">\r\n\t\t\t\t\t\t\t\t\t<\/div>\r\n\t\t\t<\/div>\r\n\t\t\t\r\n\t\t<\/div>\r\n\t<\/div>\r\n<\/div>\r\n\r\n\n\t\t\t\t<\/div>\r\n\t\t\t<\/div>\r\n\t\t<\/div>\r\n\t<\/div>\r\n<\/div>\r\n\n\n<div class=\"cim-section\" style=\"background-image:url(https:\/\/www.cimgroupe.com\/wp-content\/uploads\/2021\/03\/cim-projet.jpg);\">\r\n\t\t\t<div class=\"overlay\"><\/div>\r\n\t\t\t<div class=\"container\">\r\n\t\t<div class=\"row\">\r\n\t\t\t<div class=\"col-12 col-lg-6\">\r\n\t\t\t\t <h2>PROJET 360<\/h2> \t\t\t\t <div class=\"text\">CIM Projects le ofrece el beneficio de su experiencia y sus alianzas estrat\u00e9gicas para proporcionarle una gesti\u00f3n de proyectos llave en mano, soluciones integradas pertinentes y una financiaci\u00f3n adaptada.<\/div> \t\t\t\t\t\t\t\t\t<div class=\"cta\">\r\n\t\t\t\t\t\t<a href=\"https:\/\/www.cimgroupe.com\/es\/cim-projet-360\/\"><strong>M\u00c1S INFORMACI\u00d3N SOBRE LA EMPRESA<\/strong><\/a>\r\n\t\t\t\t\t<\/div>\r\n\t\t\t\t\t\t\t\t<\/div>\r\n\t\t<\/div>\r\n\t<\/div>\r\n<\/div>","protected":false},"excerpt":{"rendered":"","protected":false},"author":5,"featured_media":0,"parent":0,"menu_order":0,"comment_status":"closed","ping_status":"closed","template":"","meta":{"_acf_changed":false,"footnotes":""},"class_list":["post-1123","page","type-page","status-publish","hentry"],"acf":[],"_links":{"self":[{"href":"https:\/\/www.cimgroupe.com\/es\/wp-json\/wp\/v2\/pages\/1123","targetHints":{"allow":["GET"]}}],"collection":[{"href":"https:\/\/www.cimgroupe.com\/es\/wp-json\/wp\/v2\/pages"}],"about":[{"href":"https:\/\/www.cimgroupe.com\/es\/wp-json\/wp\/v2\/types\/page"}],"author":[{"embeddable":true,"href":"https:\/\/www.cimgroupe.com\/es\/wp-json\/wp\/v2\/users\/5"}],"replies":[{"embeddable":true,"href":"https:\/\/www.cimgroupe.com\/es\/wp-json\/wp\/v2\/comments?post=1123"}],"version-history":[{"count":3,"href":"https:\/\/www.cimgroupe.com\/es\/wp-json\/wp\/v2\/pages\/1123\/revisions"}],"predecessor-version":[{"id":1704,"href":"https:\/\/www.cimgroupe.com\/es\/wp-json\/wp\/v2\/pages\/1123\/revisions\/1704"}],"wp:attachment":[{"href":"https:\/\/www.cimgroupe.com\/es\/wp-json\/wp\/v2\/media?parent=1123"}],"curies":[{"name":"wp","href":"https:\/\/api.w.org\/{rel}","templated":true}]}}