{"id":1131,"date":"2020-12-11T14:40:13","date_gmt":"2020-12-11T13:40:13","guid":{"rendered":"https:\/\/www.cimgroupe.com\/?page_id=1131"},"modified":"2021-03-30T18:34:56","modified_gmt":"2021-03-30T16:34:56","slug":"taller-de-mantenimiento","status":"publish","type":"page","link":"https:\/\/www.cimgroupe.com\/es\/taller-de-mantenimiento\/","title":{"rendered":"Taller de mantenimiento"},"content":{"rendered":"\r\n<div class=\"cim-header\" style=\"background-image:url(https:\/\/www.cimgroupe.com\/wp-content\/uploads\/2020\/10\/atelier-maintenance.jpg);\">\r\n\t <div class=\"overlay\"><\/div> \t<div class=\"bottom-shape\"><\/div>\r\n\t<div class=\"container\">\r\n\t\t\t\t\t<div class=\"breadcrumb\">\r\n\t\t\t\t<ul>\r\n\t\t\t\t\t\t\t\t\t\t\t\t<li><a href=\"https:\/\/www.cimgroupe.com\/es\/\">Home<\/a><\/li>\r\n\t\t\t\t\t\t\t\t\t\t\t\t\t\t<li><span>Taller de mantenimiento<\/span><\/li>\r\n\t\t\t\t\t\t\t\t\t\t\t<\/ul>\r\n\t\t\t<\/div>\r\n\t\t\t\t\t\r\n\t\t<div class=\"row\">\r\n\t\t\t<div class=\"col-12 col-lg-9\">\r\n\t\t\t\t<h1>Taller de mantenimiento<\/h1>\r\n\t\t\t<\/div>\r\n\t\t<\/div>\r\n\t<\/div>\r\n<\/div>\n\n\r\n<div class=\"summary-section no-summary\">\r\n\t<div class=\"container-fluid\">\r\n\t\t<div class=\"row\">\r\n\t\t\r\n            \r\n\t\t\t<div class=\"col-12 col-lg-12 h-100\">\r\n\t\t\t\t<div class=\"summary-section-content\">\r\n\t\t\t\t\t\n<div class=\"cim-columns\">\r\n\t<div class=\"container\">\r\n\t\t\t\t\r\n\t\t\r\n\t\t<div class=\"row\">\r\n\t\t\t\t\t\t\t<div class=\"col-12 col-lg-4\">\r\n\t\t\t\t\t<div class=\"element\">\r\n\t\t\t\t\t\t<img decoding=\"async\" src=\"https:\/\/www.cimgroupe.com\/wp-content\/uploads\/2020\/10\/conception.jpg\" \/>\t\t\t\t\t\t<h3>Estudios y Dise\u00f1o<\/h3>\t\t\t\t\t\t<div class=\"element-text\"><p>Con 45 a\u00f1os de experiencia internacional en el \u00e1mbito del mantenimiento de repuestos, CIM ha desarrollado una profunda experiencia en la realizaci\u00f3n de dep\u00f3sitos y de talleres de mantenimiento ferroviario.<\/p><\/div>\t\t\t\t\t\t\t\t\t\t\t\t\t<a href=\"https:\/\/www.cimgroupe.com\/es\/etudes-conception\/\" class=\"cta\">M\u00e1s informaci\u00f3n sobre la empresa<\/a>\r\n\t\t\t\t\t\t\t\t\t\t\t\t<\/div>\r\n\t\t\t\t<\/div>\r\n\t\t\t\t\t\t\t\t<div class=\"col-12 col-lg-4\">\r\n\t\t\t\t\t<div class=\"element\">\r\n\t\t\t\t\t\t<img decoding=\"async\" src=\"https:\/\/www.cimgroupe.com\/wp-content\/uploads\/2020\/10\/Fabrication-1.jpg\" \/>\t\t\t\t\t\t<h3>Fabricaci\u00f3n y prestaciones<\/h3>\t\t\t\t\t\t<div class=\"element-text\"><p>Ya sea que su taller se deba dise\u00f1ar o ya est\u00e9 operativo, CIM cuenta con el ADN industrial de sus filiales SEG (Sogema Engineering) y MECHAN para dise\u00f1ar, fabricar o brindar prestaciones a los equipos de alta tecnolog\u00eda adaptados a sus necesidades.<\/p><\/div>\t\t\t\t\t\t\t\t\t\t\t\t\t<a href=\"https:\/\/www.cimgroupe.com\/es\/fabrication-fourniture\/\" class=\"cta\">M\u00e1s informaci\u00f3n sobre la empresa<\/a>\r\n\t\t\t\t\t\t\t\t\t\t\t\t<\/div>\r\n\t\t\t\t<\/div>\r\n\t\t\t\t\t\t\t\t<div class=\"col-12 col-lg-4\">\r\n\t\t\t\t\t<div class=\"element\">\r\n\t\t\t\t\t\t<img decoding=\"async\" src=\"https:\/\/www.cimgroupe.com\/wp-content\/uploads\/2020\/10\/installation-maintenance.jpg\" \/>\t\t\t\t\t\t<h3>Instalaci\u00f3n, puesta en marcha y mantenimiento.<\/h3>\t\t\t\t\t\t<div class=\"element-text\"><p>CIM cuenta con equipos exclusivos de expertos en gesti\u00f3n de proyectos que incluyen la supervisi\u00f3n o la realizaci\u00f3n de trabajos de instalaci\u00f3n de equipos, su puesta en marcha y el acompa\u00f1amiento para su uso y mantenimiento.<\/p><\/div>\t\t\t\t\t\t\t\t\t\t\t\t\t<a href=\"https:\/\/www.cimgroupe.com\/es\/installation-mise-en-service-maintenance\/\" class=\"cta\">M\u00e1s informaci\u00f3n sobre la empresa<\/a>\r\n\t\t\t\t\t\t\t\t\t\t\t\t<\/div>\r\n\t\t\t\t<\/div>\r\n\t\t\t\t\t\t<\/div>\r\n\t<\/div>\r\n<\/div>\n\t\t\t\t<\/div>\r\n\t\t\t<\/div>\r\n\t\t<\/div>\r\n\t<\/div>\r\n<\/div>\r\n\n\n<div class=\"cim-section\" style=\"background-image:url(https:\/\/www.cimgroupe.com\/wp-content\/uploads\/2021\/03\/cim-projet.jpg);\">\r\n\t\t\t<div class=\"overlay\"><\/div>\r\n\t\t\t<div class=\"container\">\r\n\t\t<div class=\"row\">\r\n\t\t\t<div class=\"col-12 col-lg-6\">\r\n\t\t\t\t <h2>PROJET 360<\/h2> \t\t\t\t <div class=\"text\">CIM Projects le ofrece el beneficio de su experiencia y sus alianzas estrat\u00e9gicas para proporcionarle una gesti\u00f3n de proyectos llave en mano, soluciones integradas pertinentes y una financiaci\u00f3n adaptada.<\/div> \t\t\t\t\t\t\t\t\t<div class=\"cta\">\r\n\t\t\t\t\t\t<a href=\"https:\/\/www.cimgroupe.com\/es\/cim-projet-360\/\"><strong>M\u00c1S INFORMACI\u00d3N SOBRE LA EMPRESA<\/strong><\/a>\r\n\t\t\t\t\t<\/div>\r\n\t\t\t\t\t\t\t\t<\/div>\r\n\t\t<\/div>\r\n\t<\/div>\r\n<\/div>","protected":false},"excerpt":{"rendered":"","protected":false},"author":5,"featured_media":0,"parent":0,"menu_order":0,"comment_status":"closed","ping_status":"closed","template":"","meta":{"_acf_changed":false,"footnotes":""},"class_list":["post-1131","page","type-page","status-publish","hentry"],"acf":[],"_links":{"self":[{"href":"https:\/\/www.cimgroupe.com\/es\/wp-json\/wp\/v2\/pages\/1131","targetHints":{"allow":["GET"]}}],"collection":[{"href":"https:\/\/www.cimgroupe.com\/es\/wp-json\/wp\/v2\/pages"}],"about":[{"href":"https:\/\/www.cimgroupe.com\/es\/wp-json\/wp\/v2\/types\/page"}],"author":[{"embeddable":true,"href":"https:\/\/www.cimgroupe.com\/es\/wp-json\/wp\/v2\/users\/5"}],"replies":[{"embeddable":true,"href":"https:\/\/www.cimgroupe.com\/es\/wp-json\/wp\/v2\/comments?post=1131"}],"version-history":[{"count":3,"href":"https:\/\/www.cimgroupe.com\/es\/wp-json\/wp\/v2\/pages\/1131\/revisions"}],"predecessor-version":[{"id":1719,"href":"https:\/\/www.cimgroupe.com\/es\/wp-json\/wp\/v2\/pages\/1131\/revisions\/1719"}],"wp:attachment":[{"href":"https:\/\/www.cimgroupe.com\/es\/wp-json\/wp\/v2\/media?parent=1131"}],"curies":[{"name":"wp","href":"https:\/\/api.w.org\/{rel}","templated":true}]}}