{"id":1166,"date":"2020-12-18T10:22:48","date_gmt":"2020-12-18T09:22:48","guid":{"rendered":"https:\/\/www.cimgroupe.com\/?page_id=1166"},"modified":"2021-03-30T18:32:29","modified_gmt":"2021-03-30T16:32:29","slug":"material-rodante-y-equipos","status":"publish","type":"page","link":"https:\/\/www.cimgroupe.com\/es\/material-rodante-y-equipos\/","title":{"rendered":"Material rodante y equipos"},"content":{"rendered":"\r\n<div class=\"cim-header\" style=\"background-image:url(https:\/\/www.cimgroupe.com\/wp-content\/uploads\/2020\/10\/materiel-roulant-equipement.jpg);\">\r\n\t <div class=\"overlay\"><\/div> \t<div class=\"bottom-shape\"><\/div>\r\n\t<div class=\"container\">\r\n\t\t\t\t\t<div class=\"breadcrumb\">\r\n\t\t\t\t<ul>\r\n\t\t\t\t\t\t\t\t\t\t\t\t<li><a href=\"https:\/\/www.cimgroupe.com\/es\/\">Home<\/a><\/li>\r\n\t\t\t\t\t\t\t\t\t\t\t\t\t\t<li><span>Material rodante y equipos<\/span><\/li>\r\n\t\t\t\t\t\t\t\t\t\t\t<\/ul>\r\n\t\t\t<\/div>\r\n\t\t\t\t\t\r\n\t\t<div class=\"row\">\r\n\t\t\t<div class=\"col-12 col-lg-9\">\r\n\t\t\t\t<h1>Material rodante y equipos<\/h1>\r\n\t\t\t<\/div>\r\n\t\t<\/div>\r\n\t<\/div>\r\n<\/div>\n\n\r\n<div class=\"summary-section no-summary\">\r\n\t<div class=\"container-fluid\">\r\n\t\t<div class=\"row\">\r\n\t\t\r\n            \r\n\t\t\t<div class=\"col-12 col-lg-12 h-100\">\r\n\t\t\t\t<div class=\"summary-section-content\">\r\n\t\t\t\t\t\n<div class=\"cim-columns\">\r\n\t<div class=\"container\">\r\n\t\t\t\t\r\n\t\t\r\n\t\t<div class=\"row\">\r\n\t\t\t\t\t\t\t<div class=\"col-12 col-lg-6\">\r\n\t\t\t\t\t<div class=\"element\">\r\n\t\t\t\t\t\t<img decoding=\"async\" src=\"https:\/\/www.cimgroupe.com\/wp-content\/uploads\/2020\/10\/materiel-roulant-2.jpg\" \/>\t\t\t\t\t\t<h3>Suministro de materiales de construcci\u00f3n ferroviarios de primer nivel<\/h3>\t\t\t\t\t\t<div class=\"element-text\"><p>CIM es distribuidor exclusivo de los m\u00e1s importantes fabricantes ferroviarios y asegura el suministro de locomotoras, vagones y coches de pasajeros.<\/p><\/div>\t\t\t\t\t\t\t\t\t\t\t\t\t<a href=\"https:\/\/www.cimgroupe.com\/es\/fourniture-de-materiel-constructeur-de-premier-rang\/\" class=\"cta\">M\u00e1s informaci\u00f3n sobre la empresa<\/a>\r\n\t\t\t\t\t\t\t\t\t\t\t\t<\/div>\r\n\t\t\t\t<\/div>\r\n\t\t\t\t\t\t\t\t<div class=\"col-12 col-lg-6\">\r\n\t\t\t\t\t<div class=\"element\">\r\n\t\t\t\t\t\t<img decoding=\"async\" src=\"https:\/\/www.cimgroupe.com\/wp-content\/uploads\/2020\/10\/pieces-rechange.jpg\" \/>\t\t\t\t\t\t<h3>Distribuci\u00f3n de repuestos y componentes<\/h3>\t\t\t\t\t\t<div class=\"element-text\"><p>CIM suministra todos los a\u00f1os cientos de miles de repuestos y de componentes ferroviarios de los fabricantes m\u00e1s importantes. Con m\u00e1s de 50000 referencias de repuestos de origen (OEM) y de componentes ferroviarios para material rodante o infraestructura, CIM \u00c9quipements posee el cat\u00e1logo m\u00e1s importante del sector.<\/p><\/div>\t\t\t\t\t\t\t\t\t\t\t\t\t<a href=\"https:\/\/www.cimgroupe.com\/es\/distribution-de-pieces-de-rechange-et-composants\/\" class=\"cta\">M\u00e1s informaci\u00f3n sobre la empresa<\/a>\r\n\t\t\t\t\t\t\t\t\t\t\t\t<\/div>\r\n\t\t\t\t<\/div>\r\n\t\t\t\t\t\t\t\t<div class=\"col-12 col-lg-6\">\r\n\t\t\t\t\t<div class=\"element\">\r\n\t\t\t\t\t\t<img decoding=\"async\" src=\"https:\/\/www.cimgroupe.com\/wp-content\/uploads\/2020\/10\/laf-3.jpg\" \/>\t\t\t\t\t\t<h3>Fabricaci\u00f3n de acoplamientos autom\u00e1ticos<\/h3>\t\t\t\t\t\t<div class=\"element-text\"><p>L\u00edder en el dise\u00f1o y la fabricaci\u00f3n de acoplamientos autom\u00e1ticos de choque y de tracci\u00f3n, LAF, una marca de CIM, desarrolla sistemas de acoplamiento a medida y est\u00e1 en la b\u00fasqueda constante de nuevas funcionalidades para responder a la evoluci\u00f3n de las normas o las funciones.<\/p><\/div>\t\t\t\t\t\t\t\t\t\t\t\t\t<a href=\"https:\/\/www.cimgroupe.com\/es\/fabrication-dattelages-automatiques\/\" class=\"cta\">M\u00e1s informaci\u00f3n sobre la empresa<\/a>\r\n\t\t\t\t\t\t\t\t\t\t\t\t<\/div>\r\n\t\t\t\t<\/div>\r\n\t\t\t\t\t\t\t\t<div class=\"col-12 col-lg-6\">\r\n\t\t\t\t\t<div class=\"element\">\r\n\t\t\t\t\t\t<img decoding=\"async\" src=\"https:\/\/www.cimgroupe.com\/wp-content\/uploads\/2020\/10\/maintenance-1.jpg\" \/>\t\t\t\t\t\t<h3>Mantenimiento, restauraci\u00f3n y modernizaci\u00f3n del material rodante<\/h3>\t\t\t\t\t\t<div class=\"element-text\"><p>CIM pone a su disposici\u00f3n toda la experiencia de sus equipos t\u00e9cnicos para optimizar la disponibilidad, la confiabilidad y alargar la vida \u00fatil del parque de material rodante ferroviario. Proponemos una asistencia t\u00e9cnica de corta o de larga duraci\u00f3n y sesiones de formaci\u00f3n para sus operadores de mantenimiento. Trabajamos a su lado, en estrecha colaboraci\u00f3n, para restaurar o modernizar sus locomotoras, vagones y coches de pasajeros. Esta soluci\u00f3n, dado que es econ\u00f3micamente pertinente, permite alargar la vida \u00fatil de su flota.<\/p><\/div>\t\t\t\t\t\t\t\t\t\t\t\t\t<a href=\"https:\/\/www.cimgroupe.com\/es\/maintenance-rehabilitation-et-modernisation-de-materiel-roulant\/\" class=\"cta\">M\u00e1s informaci\u00f3n sobre la empresa<\/a>\r\n\t\t\t\t\t\t\t\t\t\t\t\t<\/div>\r\n\t\t\t\t<\/div>\r\n\t\t\t\t\t\t<\/div>\r\n\t<\/div>\r\n<\/div>\n\t\t\t\t<\/div>\r\n\t\t\t<\/div>\r\n\t\t<\/div>\r\n\t<\/div>\r\n<\/div>\r\n\n\n<div class=\"cim-section\" style=\"background-image:url(https:\/\/www.cimgroupe.com\/wp-content\/uploads\/2021\/03\/cim-projet.jpg);\">\r\n\t\t\t<div class=\"overlay\"><\/div>\r\n\t\t\t<div class=\"container\">\r\n\t\t<div class=\"row\">\r\n\t\t\t<div class=\"col-12 col-lg-6\">\r\n\t\t\t\t <h2>PROJET 360<\/h2> \t\t\t\t <div class=\"text\">CIM Projects le ofrece el beneficio de su experiencia y sus alianzas estrat\u00e9gicas para proporcionarle una gesti\u00f3n de proyectos llave en mano, soluciones integradas pertinentes y una financiaci\u00f3n adaptada.<\/div> \t\t\t\t\t\t\t\t\t<div class=\"cta\">\r\n\t\t\t\t\t\t<a href=\"https:\/\/www.cimgroupe.com\/es\/cim-projet-360\/\"><strong>M\u00c1S INFORMACI\u00d3N SOBRE LA EMPRESA<\/strong><\/a>\r\n\t\t\t\t\t<\/div>\r\n\t\t\t\t\t\t\t\t<\/div>\r\n\t\t<\/div>\r\n\t<\/div>\r\n<\/div>","protected":false},"excerpt":{"rendered":"","protected":false},"author":5,"featured_media":0,"parent":0,"menu_order":0,"comment_status":"closed","ping_status":"closed","template":"","meta":{"_acf_changed":false,"footnotes":""},"class_list":["post-1166","page","type-page","status-publish","hentry"],"acf":[],"_links":{"self":[{"href":"https:\/\/www.cimgroupe.com\/es\/wp-json\/wp\/v2\/pages\/1166","targetHints":{"allow":["GET"]}}],"collection":[{"href":"https:\/\/www.cimgroupe.com\/es\/wp-json\/wp\/v2\/pages"}],"about":[{"href":"https:\/\/www.cimgroupe.com\/es\/wp-json\/wp\/v2\/types\/page"}],"author":[{"embeddable":true,"href":"https:\/\/www.cimgroupe.com\/es\/wp-json\/wp\/v2\/users\/5"}],"replies":[{"embeddable":true,"href":"https:\/\/www.cimgroupe.com\/es\/wp-json\/wp\/v2\/comments?post=1166"}],"version-history":[{"count":3,"href":"https:\/\/www.cimgroupe.com\/es\/wp-json\/wp\/v2\/pages\/1166\/revisions"}],"predecessor-version":[{"id":1715,"href":"https:\/\/www.cimgroupe.com\/es\/wp-json\/wp\/v2\/pages\/1166\/revisions\/1715"}],"wp:attachment":[{"href":"https:\/\/www.cimgroupe.com\/es\/wp-json\/wp\/v2\/media?parent=1166"}],"curies":[{"name":"wp","href":"https:\/\/api.w.org\/{rel}","templated":true}]}}