{"id":1174,"date":"2020-12-18T10:53:49","date_gmt":"2020-12-18T09:53:49","guid":{"rendered":"https:\/\/www.cimgroupe.com\/?page_id=1174"},"modified":"2021-03-30T18:31:43","modified_gmt":"2021-03-30T16:31:43","slug":"mantenimiento-restauracion-y-modernizacion-del-material-rodante","status":"publish","type":"page","link":"https:\/\/www.cimgroupe.com\/es\/mantenimiento-restauracion-y-modernizacion-del-material-rodante\/","title":{"rendered":"Mantenimiento, restauraci\u00f3n y modernizaci\u00f3n del material rodante"},"content":{"rendered":"\r\n<div class=\"cim-header\" style=\"background-image:url(https:\/\/www.cimgroupe.com\/wp-content\/uploads\/2020\/10\/maintenance-header.jpg);\">\r\n\t <div class=\"overlay\"><\/div> \t<div class=\"bottom-shape\"><\/div>\r\n\t<div class=\"container\">\r\n\t\t\t\t\t<div class=\"breadcrumb\">\r\n\t\t\t\t<ul>\r\n\t\t\t\t\t\t\t\t\t\t\t\t<li><a href=\"https:\/\/www.cimgroupe.com\/es\/\">Home<\/a><\/li>\r\n\t\t\t\t\t\t\t\t\t\t\t\t\t\t<li><span>Mantenimiento, restauraci\u00f3n y modernizaci\u00f3n del material rodante<\/span><\/li>\r\n\t\t\t\t\t\t\t\t\t\t\t<\/ul>\r\n\t\t\t<\/div>\r\n\t\t\t\t\t\r\n\t\t<div class=\"row\">\r\n\t\t\t<div class=\"col-12 col-lg-9\">\r\n\t\t\t\t<h1>Mantenimiento, restauraci\u00f3n y modernizaci\u00f3n del material rodante<\/h1>\r\n\t\t\t<\/div>\r\n\t\t<\/div>\r\n\t<\/div>\r\n<\/div>\n\n\r\n<div class=\"summary-section no-summary\">\r\n\t<div class=\"container-fluid\">\r\n\t\t<div class=\"row\">\r\n\t\t\r\n            \r\n\t\t\t<div class=\"col-12 col-lg-12 h-100\">\r\n\t\t\t\t<div class=\"summary-section-content\">\r\n\t\t\t\t\t\n<div class=\"cim-intro\">\r\n\t<div class=\"container\">\r\n\t\tCIM pone a su disposici\u00f3n toda la experiencia pr\u00e1ctica de sus equipos profesionales al servicio de su parque ferroviario a fin de optimizar la vida \u00fatil, la calidad y el valor del mismo.\t<\/div>\r\n<\/div>\n\n<div class=\"cim-list-icn\">\r\n\t<div class=\"container\">\r\n\t\t\t\t\t<h2 id=\"mantenimiento-del-parque-de-material-rodante\">Mantenimiento del parque de material rodante<\/h2>\r\n\t\t\t\t\t\r\n\t\t<div class=\"elements\">\r\n\t\t\t\t\t\t\t\t<div class=\"element\">\r\n\t\t\t\t\t\t<div class=\"row\">\r\n\t\t\t\t\t\t\t<div class=\"col-1\">\r\n\t\t\t\t\t\t\t\t\t\t\t\t\t\t\t\t\t<img decoding=\"async\" src=\"https:\/\/www.cimgroupe.com\/wp-content\/uploads\/2020\/10\/optimisation-1.jpg\">\r\n\t\t\t\t\t\t\t\t\t\t\t\t\t\t\t\t<\/div>\r\n\t\t\t\t\t\t\t<div class=\"col-11\">\r\n\t\t\t\t\t\t\t\t<h3>Optimice el valor y el funcionamiento de su parque<\/h3>\t\t\t\t\t\t\t\t<p>Asegurar el mantenimiento de su parque de material rodante es sin\u00f3nimo de conservar el valor de uso de su capital invertido y de aprovechar toda la disponibilidad de su material con un funcionamiento \u00f3ptimo. <\/p><p>El mantenimiento de su parque de material rodante es una condici\u00f3n esencial para la optimizaci\u00f3n de su infraestructura ferroviaria en el tiempo. CIM lo acompa\u00f1a en su ejecuci\u00f3n operacional.<\/p>\t\t\t\t\t\t\t<\/div>\r\n\t\t\t\t\t\t<\/div>\r\n\t\t\t\t\t<\/div>\r\n\t\t\t\t\t\t\t\t\t\t<div class=\"element\">\r\n\t\t\t\t\t\t<div class=\"row\">\r\n\t\t\t\t\t\t\t<div class=\"col-1\">\r\n\t\t\t\t\t\t\t\t\t\t\t\t\t\t\t\t\t<img decoding=\"async\" src=\"https:\/\/www.cimgroupe.com\/wp-content\/uploads\/2020\/10\/maintenance.jpg\">\r\n\t\t\t\t\t\t\t\t\t\t\t\t\t\t\t\t<\/div>\r\n\t\t\t\t\t\t\t<div class=\"col-11\">\r\n\t\t\t\t\t\t\t\t<h3>CIM asegura el mantenimiento de su flota\u2026<\/h3>\t\t\t\t\t\t\t\t<p>Asegurar un mantenimiento profesional seg\u00fan los criterios de los fabricantes de su flota de locomotoras y de vagones permite garantizar una tasa elevada de disponibilidad. CIM se compromete a cumplir este objetivo junto a usted. De este modo se optimiza la capacidad operacional de su flota y la satisfacci\u00f3n de sus clientes.<\/p>\t\t\t\t\t\t\t<\/div>\r\n\t\t\t\t\t\t<\/div>\r\n\t\t\t\t\t<\/div>\r\n\t\t\t\t\t\t\t\t\t\t<div class=\"element\">\r\n\t\t\t\t\t\t<div class=\"row\">\r\n\t\t\t\t\t\t\t<div class=\"col-1\">\r\n\t\t\t\t\t\t\t\t\t\t\t\t\t\t\t\t\t<img decoding=\"async\" src=\"https:\/\/www.cimgroupe.com\/wp-content\/uploads\/2020\/10\/partenariat.jpg\">\r\n\t\t\t\t\t\t\t\t\t\t\t\t\t\t\t\t<\/div>\r\n\t\t\t\t\t\t\t<div class=\"col-11\">\r\n\t\t\t\t\t\t\t\t<h3>\u2026dentro de la l\u00f3gica de la cooperaci\u00f3n<\/h3>\t\t\t\t\t\t\t\t<p>Dado que deseamos establecer una relaci\u00f3n de confianza con nuestros clientes, implementamos con usted una cooperaci\u00f3n a largo plazo y nos comprometemos a responsabilizarnos de la calidad de nuestras tareas de mantenimiento.<\/p>\t\t\t\t\t\t\t<\/div>\r\n\t\t\t\t\t\t<\/div>\r\n\t\t\t\t\t<\/div>\r\n\t\t\t\t\t\t\t<\/div>\r\n\t<\/div>\r\n<\/div>\n\n<div class=\"cim-list-icn\">\r\n\t<div class=\"container\">\r\n\t\t\t\t\t<h2 id=\"restauracion-y-modernizacion-del-material-rodante\">Restauraci\u00f3n y modernizaci\u00f3n del material rodante<\/h2>\r\n\t\t\t\t\t\r\n\t\t<div class=\"elements\">\r\n\t\t\t\t\t\t\t\t<div class=\"element\">\r\n\t\t\t\t\t\t<div class=\"row\">\r\n\t\t\t\t\t\t\t<div class=\"col-1\">\r\n\t\t\t\t\t\t\t\t\t\t\t\t\t\t\t\t\t<img decoding=\"async\" src=\"https:\/\/www.cimgroupe.com\/wp-content\/uploads\/2020\/10\/vie-materiel.jpg\">\r\n\t\t\t\t\t\t\t\t\t\t\t\t\t\t\t\t<\/div>\r\n\t\t\t\t\t\t\t<div class=\"col-11\">\r\n\t\t\t\t\t\t\t\t<h3>Aumente la vida \u00fatil de su material rodante a un costo razonable<\/h3>\t\t\t\t\t\t\t\t<p>La restauraci\u00f3n de una flota de locomotoras, de vagones y de coches de pasajeros es una soluci\u00f3n pertinente en el plano econ\u00f3mico dado que permite aumentar su vida \u00fatil en 10 a\u00f1os o m\u00e1s, a un costo razonable.<\/p>\t\t\t\t\t\t\t<\/div>\r\n\t\t\t\t\t\t<\/div>\r\n\t\t\t\t\t<\/div>\r\n\t\t\t\t\t\t\t\t\t\t<div class=\"element\">\r\n\t\t\t\t\t\t<div class=\"row\">\r\n\t\t\t\t\t\t\t<div class=\"col-1\">\r\n\t\t\t\t\t\t\t\t\t\t\t\t\t\t\t\t\t<img decoding=\"async\" src=\"https:\/\/www.cimgroupe.com\/wp-content\/uploads\/2020\/10\/locomotive-2.jpg\">\r\n\t\t\t\t\t\t\t\t\t\t\t\t\t\t\t\t<\/div>\r\n\t\t\t\t\t\t\t<div class=\"col-11\">\r\n\t\t\t\t\t\t\t\t<h3>Restauraci\u00f3n y modernizaci\u00f3n de locomotoras<\/h3>\t\t\t\t\t\t\t\t<p>Cuando la estructura principal, el chasis y los bogies de una locomotora est\u00e1n todav\u00eda en buen estado, recomendamos realizar una revisi\u00f3n mayor que comprende: <\/p><p>&#8211; la renovaci\u00f3n o reconstrucci\u00f3n a nuevo de los principales componentes, tales como el motor di\u00e9sel, el generador, los motores de tracci\u00f3n, el tablero el\u00e9ctrico; <\/p><p>&#8211; el reemplazo de las piezas de desgaste y los componentes por piezas nuevas o de recambio est\u00e1ndar. <\/p><p>Aprovechamos esta revisi\u00f3n para modernizar algunos equipos con nuevas funcionalidades (motores de tracci\u00f3n mejorados, sistema de comando electr\u00f3nica en lugar de placas\u2026).<\/p>\t\t\t\t\t\t\t<\/div>\r\n\t\t\t\t\t\t<\/div>\r\n\t\t\t\t\t<\/div>\r\n\t\t\t\t\t\t\t\t\t\t<div class=\"element\">\r\n\t\t\t\t\t\t<div class=\"row\">\r\n\t\t\t\t\t\t\t<div class=\"col-1\">\r\n\t\t\t\t\t\t\t\t\t\t\t\t\t\t\t\t\t<img decoding=\"async\" src=\"https:\/\/www.cimgroupe.com\/wp-content\/uploads\/2020\/10\/wagons-1.jpg\">\r\n\t\t\t\t\t\t\t\t\t\t\t\t\t\t\t\t<\/div>\r\n\t\t\t\t\t\t\t<div class=\"col-11\">\r\n\t\t\t\t\t\t\t\t<h3>Restauraci\u00f3n y modernizaci\u00f3n de vagones<\/h3>\t\t\t\t\t\t\t\t<p>CIM da nueva vida a los vagones obsoletos mediante la reparaci\u00f3n, la modificaci\u00f3n y la modernizaci\u00f3n de la estructura de la caja. Un vag\u00f3n tolva puede, por ejemplo, transformarse en un vag\u00f3n porta-contenedores. De este modo restablecemos el valor con una inversi\u00f3n relativamente baja comparada con la compra de vagones nuevos.<\/p>\t\t\t\t\t\t\t<\/div>\r\n\t\t\t\t\t\t<\/div>\r\n\t\t\t\t\t<\/div>\r\n\t\t\t\t\t\t\t\t\t\t<div class=\"element\">\r\n\t\t\t\t\t\t<div class=\"row\">\r\n\t\t\t\t\t\t\t<div class=\"col-1\">\r\n\t\t\t\t\t\t\t\t\t\t\t\t\t\t\t\t\t<img decoding=\"async\" src=\"https:\/\/www.cimgroupe.com\/wp-content\/uploads\/2020\/10\/voiture.jpg\">\r\n\t\t\t\t\t\t\t\t\t\t\t\t\t\t\t\t<\/div>\r\n\t\t\t\t\t\t\t<div class=\"col-11\">\r\n\t\t\t\t\t\t\t\t<h3>Restauraci\u00f3n y modernizaci\u00f3n de coches de pasajeros<\/h3>\t\t\t\t\t\t\t\t<p>Con el tiempo, los coches de pasajeros, deteriorados y obsoletos, no responden a las expectativas de los usuarios. CIM propone una amplia gama de tareas posibles:<\/p><p>&#8211; redise\u00f1o del interior<\/p><p>&#8211; nueva imagen gracias al reemplazo completo de los rellenos y equipamiento de los coches. <\/p><p>Estos trabajos de restauraci\u00f3n se realizan en sus propios locales y talleres.<\/p>\t\t\t\t\t\t\t<\/div>\r\n\t\t\t\t\t\t<\/div>\r\n\t\t\t\t\t<\/div>\r\n\t\t\t\t\t\t\t<\/div>\r\n\t<\/div>\r\n<\/div>\n\t\t\t\t<\/div>\r\n\t\t\t<\/div>\r\n\t\t<\/div>\r\n\t<\/div>\r\n<\/div>\r\n\n\n<div class=\"cim-section\" style=\"background-image:url(https:\/\/www.cimgroupe.com\/wp-content\/uploads\/2021\/03\/cim-projet.jpg);\">\r\n\t\t\t<div class=\"overlay\"><\/div>\r\n\t\t\t<div class=\"container\">\r\n\t\t<div class=\"row\">\r\n\t\t\t<div class=\"col-12 col-lg-6\">\r\n\t\t\t\t <h2>PROJET 360<\/h2> \t\t\t\t <div class=\"text\">CIM Projects le ofrece el beneficio de su experiencia y sus alianzas estrat\u00e9gicas para proporcionarle una gesti\u00f3n de proyectos llave en mano, soluciones integradas pertinentes y una financiaci\u00f3n adaptada.<\/div> \t\t\t\t\t\t\t\t\t<div class=\"cta\">\r\n\t\t\t\t\t\t<a href=\"https:\/\/www.cimgroupe.com\/es\/cim-projet-360\/\"><strong>M\u00c1S INFORMACI\u00d3N SOBRE LA EMPRESA<\/strong><\/a>\r\n\t\t\t\t\t<\/div>\r\n\t\t\t\t\t\t\t\t<\/div>\r\n\t\t<\/div>\r\n\t<\/div>\r\n<\/div>","protected":false},"excerpt":{"rendered":"","protected":false},"author":5,"featured_media":0,"parent":0,"menu_order":0,"comment_status":"closed","ping_status":"closed","template":"","meta":{"_acf_changed":false,"footnotes":""},"class_list":["post-1174","page","type-page","status-publish","hentry"],"acf":[],"_links":{"self":[{"href":"https:\/\/www.cimgroupe.com\/es\/wp-json\/wp\/v2\/pages\/1174","targetHints":{"allow":["GET"]}}],"collection":[{"href":"https:\/\/www.cimgroupe.com\/es\/wp-json\/wp\/v2\/pages"}],"about":[{"href":"https:\/\/www.cimgroupe.com\/es\/wp-json\/wp\/v2\/types\/page"}],"author":[{"embeddable":true,"href":"https:\/\/www.cimgroupe.com\/es\/wp-json\/wp\/v2\/users\/5"}],"replies":[{"embeddable":true,"href":"https:\/\/www.cimgroupe.com\/es\/wp-json\/wp\/v2\/comments?post=1174"}],"version-history":[{"count":2,"href":"https:\/\/www.cimgroupe.com\/es\/wp-json\/wp\/v2\/pages\/1174\/revisions"}],"predecessor-version":[{"id":1714,"href":"https:\/\/www.cimgroupe.com\/es\/wp-json\/wp\/v2\/pages\/1174\/revisions\/1714"}],"wp:attachment":[{"href":"https:\/\/www.cimgroupe.com\/es\/wp-json\/wp\/v2\/media?parent=1174"}],"curies":[{"name":"wp","href":"https:\/\/api.w.org\/{rel}","templated":true}]}}