{"id":1179,"date":"2020-12-18T11:01:34","date_gmt":"2020-12-18T10:01:34","guid":{"rendered":"https:\/\/www.cimgroupe.com\/?page_id=1179"},"modified":"2021-03-30T18:34:24","modified_gmt":"2021-03-30T16:34:24","slug":"suministro-de-material-de-construccion-ferroviaria-de-primer-nivel","status":"publish","type":"page","link":"https:\/\/www.cimgroupe.com\/es\/suministro-de-material-de-construccion-ferroviaria-de-primer-nivel\/","title":{"rendered":"Suministro de material de construcci\u00f3n ferroviaria de primer nivel"},"content":{"rendered":"\r\n<div class=\"cim-header\" style=\"background-image:url(https:\/\/www.cimgroupe.com\/wp-content\/uploads\/2020\/10\/materiel-roulant-premier-rang-1.jpg);\">\r\n\t <div class=\"overlay\"><\/div> \t<div class=\"bottom-shape\"><\/div>\r\n\t<div class=\"container\">\r\n\t\t\t\t\t<div class=\"breadcrumb\">\r\n\t\t\t\t<ul>\r\n\t\t\t\t\t\t\t\t\t\t\t\t<li><a href=\"https:\/\/www.cimgroupe.com\/es\/\">Home<\/a><\/li>\r\n\t\t\t\t\t\t\t\t\t\t\t\t\t\t<li><span>Suministro de material de construcci\u00f3n ferroviaria de primer nivel<\/span><\/li>\r\n\t\t\t\t\t\t\t\t\t\t\t<\/ul>\r\n\t\t\t<\/div>\r\n\t\t\t\t\t\r\n\t\t<div class=\"row\">\r\n\t\t\t<div class=\"col-12 col-lg-9\">\r\n\t\t\t\t<h1>Suministro de material de construcci\u00f3n ferroviaria de primer nivel<\/h1>\r\n\t\t\t<\/div>\r\n\t\t<\/div>\r\n\t<\/div>\r\n<\/div>\n\n\r\n<div class=\"summary-section no-summary\">\r\n\t<div class=\"container-fluid\">\r\n\t\t<div class=\"row\">\r\n\t\t\r\n            \r\n\t\t\t<div class=\"col-12 col-lg-12 h-100\">\r\n\t\t\t\t<div class=\"summary-section-content\">\r\n\t\t\t\t\t\n<div class=\"cim-intro\">\r\n\t<div class=\"container\">\r\n\t\tCIM es distribuidor exclusivo de los m\u00e1s importantes fabricantes ferroviarios y asegura el suministro de locomotoras, vagones y coches de pasajeros.\t<\/div>\r\n<\/div>\n\n<div class=\"cim-list-icn\">\r\n\t<div class=\"container\">\r\n\t\t\t\t\t<h2 id=\"su-distribuidor-exclusivo-de-material-de-construccion-ferroviaria\">Su distribuidor exclusivo de material de construcci\u00f3n ferroviaria<\/h2>\r\n\t\t\t\t\t\r\n\t\t<div class=\"elements\">\r\n\t\t\t\t\t\t\t\t<div class=\"element\">\r\n\t\t\t\t\t\t<div class=\"row\">\r\n\t\t\t\t\t\t\t<div class=\"col-1\">\r\n\t\t\t\t\t\t\t\t\t\t\t\t\t\t\t\t\t<img decoding=\"async\" src=\"https:\/\/www.cimgroupe.com\/wp-content\/uploads\/2020\/10\/locomotive.jpg\">\r\n\t\t\t\t\t\t\t\t\t\t\t\t\t\t\t\t<\/div>\r\n\t\t\t\t\t\t\t<div class=\"col-11\">\r\n\t\t\t\t\t\t\t\t<h3>Locomotoras de l\u00ednea y de maniobras nuevas<\/h3>\t\t\t\t\t\t\t\t<p>Desde 19xx, CIM es distribuidor de las locomotoras EMD y de sus repuestos originales (OEM) en una veintena de pa\u00edses franc\u00f3fonos y angl\u00f3fonos de \u00c1frica. Le proponemos una gama de locomotoras di\u00e9sel el\u00e9ctricas o di\u00e9sel hidr\u00e1ulicas de 300 CV hasta 4000 CV equipadas con ventiladores o turbocompresores. Estas locomotoras est\u00e1n perfectamente adaptadas a las condiciones dif\u00edciles en las que operan algunos de nuestros clientes (ambientes polvorientos, altas temperaturas, concentraci\u00f3n elevada de azufre\u2026). V\u00edas m\u00e9tricas (1000 mm o 1067 mm) y v\u00edas est\u00e1ndar (1435 mm): a su disposici\u00f3n, una gama completa de locomotoras sea cual fuere su sistema y las cargas por eje (de 15 a 32 toneladas).<\/p>\t\t\t\t\t\t\t<\/div>\r\n\t\t\t\t\t\t<\/div>\r\n\t\t\t\t\t<\/div>\r\n\t\t\t\t\t\t\t\t\t\t<div class=\"element\">\r\n\t\t\t\t\t\t<div class=\"row\">\r\n\t\t\t\t\t\t\t<div class=\"col-1\">\r\n\t\t\t\t\t\t\t\t\t\t\t\t\t\t\t\t\t<img decoding=\"async\" src=\"https:\/\/www.cimgroupe.com\/wp-content\/uploads\/2020\/10\/normes.jpg\">\r\n\t\t\t\t\t\t\t\t\t\t\t\t\t\t\t\t<\/div>\r\n\t\t\t\t\t\t\t<div class=\"col-11\">\r\n\t\t\t\t\t\t\t\t<h3>Locomotoras reconstruidas seg\u00fan las normas AAR<\/h3>\t\t\t\t\t\t\t\t<p>CIM tambi\u00e9n ofrece locomotoras de l\u00ednea y de maniobra de segunda mano, reacondicionadas o reconstruidas. Despu\u00e9s de un control sistem\u00e1tico y minucioso, estas locomotoras cuentan con las \u00faltimas novedades tecnol\u00f3gicas. Los componentes tambi\u00e9n son reemplazados por repuestos nuevos o de cambio est\u00e1ndar (UTEX). Esto \u00faltimo se aplica a los conjuntos de potencia, el generador principal, el armario de distribuci\u00f3n, los ejes montados, etc. <\/p><p>Reconstruimos las locomotoras seg\u00fan las normas AAR (American Association of Railroads) y seg\u00fan los procedimientos del constructor EMD. Tienen garant\u00eda por 12 meses.<\/p>\t\t\t\t\t\t\t<\/div>\r\n\t\t\t\t\t\t<\/div>\r\n\t\t\t\t\t<\/div>\r\n\t\t\t\t\t\t\t\t\t\t<div class=\"element\">\r\n\t\t\t\t\t\t<div class=\"row\">\r\n\t\t\t\t\t\t\t<div class=\"col-1\">\r\n\t\t\t\t\t\t\t\t\t\t\t\t\t\t\t\t\t<img decoding=\"async\" src=\"https:\/\/www.cimgroupe.com\/wp-content\/uploads\/2020\/10\/wagons.jpg\">\r\n\t\t\t\t\t\t\t\t\t\t\t\t\t\t\t\t<\/div>\r\n\t\t\t\t\t\t\t<div class=\"col-11\">\r\n\t\t\t\t\t\t\t\t<h3>Vagones y coches de pasajeros nuevos<\/h3>\t\t\t\t\t\t\t\t<p>Gracias a nuestras alianzas con los m\u00e1s importantes fabricantes de vagones y de coches de pasajeros, CIM puede satisfacer desde las exigencias m\u00e1s cl\u00e1sicas hasta las m\u00e1s complejas, en especial en t\u00e9rminos de ancho de las v\u00edas (1000 mm o 1067 mm) y de carga por eje (menos de 19 toneladas). Suministramos incluso para menos de 10 unidades.<\/p>\t\t\t\t\t\t\t<\/div>\r\n\t\t\t\t\t\t<\/div>\r\n\t\t\t\t\t<\/div>\r\n\t\t\t\t\t\t\t\t\t\t<div class=\"element\">\r\n\t\t\t\t\t\t<div class=\"row\">\r\n\t\t\t\t\t\t\t<div class=\"col-1\">\r\n\t\t\t\t\t\t\t\t\t\t\t\t\t\t\t\t\t<img decoding=\"async\" src=\"https:\/\/www.cimgroupe.com\/wp-content\/uploads\/2020\/10\/rehabilite.jpg\">\r\n\t\t\t\t\t\t\t\t\t\t\t\t\t\t\t\t<\/div>\r\n\t\t\t\t\t\t\t<div class=\"col-11\">\r\n\t\t\t\t\t\t\t\t<h3>Vagones y coches de pasajeros rehabilitados de ocasi\u00f3n<\/h3>\t\t\t\t\t\t\t\t<p>CIM le propone vagones y coches de pasajeros de segunda mano puestos a nuevo y adaptados a las exigencias en vigor en sus redes ferroviarias. Realizamos todas las modificaciones necesarias (altura de acoplamiento , freno, conexiones el\u00e9ctricas, perfil de rueda, tensi\u00f3n el\u00e9ctrica, etc.) antes de la expedici\u00f3n.<\/p>\t\t\t\t\t\t\t<\/div>\r\n\t\t\t\t\t\t<\/div>\r\n\t\t\t\t\t<\/div>\r\n\t\t\t\t\t\t\t<\/div>\r\n\t<\/div>\r\n<\/div>\n\t\t\t\t<\/div>\r\n\t\t\t<\/div>\r\n\t\t<\/div>\r\n\t<\/div>\r\n<\/div>\r\n\n\n<div class=\"cim-section\" style=\"background-image:url(https:\/\/www.cimgroupe.com\/wp-content\/uploads\/2021\/03\/cim-projet.jpg);\">\r\n\t\t\t<div class=\"overlay\"><\/div>\r\n\t\t\t<div class=\"container\">\r\n\t\t<div class=\"row\">\r\n\t\t\t<div class=\"col-12 col-lg-6\">\r\n\t\t\t\t <h2>PROJET 360<\/h2> \t\t\t\t <div class=\"text\">CIM Projects le ofrece el beneficio de su experiencia y sus alianzas estrat\u00e9gicas para proporcionarle una gesti\u00f3n de proyectos llave en mano, soluciones integradas pertinentes y una financiaci\u00f3n adaptada.<\/div> \t\t\t\t\t\t\t\t\t<div class=\"cta\">\r\n\t\t\t\t\t\t<a href=\"https:\/\/www.cimgroupe.com\/es\/cim-projet-360\/\"><strong>M\u00c1S INFORMACI\u00d3N SOBRE LA EMPRESA<\/strong><\/a>\r\n\t\t\t\t\t<\/div>\r\n\t\t\t\t\t\t\t\t<\/div>\r\n\t\t<\/div>\r\n\t<\/div>\r\n<\/div>","protected":false},"excerpt":{"rendered":"","protected":false},"author":5,"featured_media":0,"parent":0,"menu_order":0,"comment_status":"closed","ping_status":"closed","template":"","meta":{"_acf_changed":false,"footnotes":""},"class_list":["post-1179","page","type-page","status-publish","hentry"],"acf":[],"_links":{"self":[{"href":"https:\/\/www.cimgroupe.com\/es\/wp-json\/wp\/v2\/pages\/1179","targetHints":{"allow":["GET"]}}],"collection":[{"href":"https:\/\/www.cimgroupe.com\/es\/wp-json\/wp\/v2\/pages"}],"about":[{"href":"https:\/\/www.cimgroupe.com\/es\/wp-json\/wp\/v2\/types\/page"}],"author":[{"embeddable":true,"href":"https:\/\/www.cimgroupe.com\/es\/wp-json\/wp\/v2\/users\/5"}],"replies":[{"embeddable":true,"href":"https:\/\/www.cimgroupe.com\/es\/wp-json\/wp\/v2\/comments?post=1179"}],"version-history":[{"count":2,"href":"https:\/\/www.cimgroupe.com\/es\/wp-json\/wp\/v2\/pages\/1179\/revisions"}],"predecessor-version":[{"id":1718,"href":"https:\/\/www.cimgroupe.com\/es\/wp-json\/wp\/v2\/pages\/1179\/revisions\/1718"}],"wp:attachment":[{"href":"https:\/\/www.cimgroupe.com\/es\/wp-json\/wp\/v2\/media?parent=1179"}],"curies":[{"name":"wp","href":"https:\/\/api.w.org\/{rel}","templated":true}]}}