{"id":1196,"date":"2020-12-18T11:41:04","date_gmt":"2020-12-18T10:41:04","guid":{"rendered":"https:\/\/www.cimgroupe.com\/?page_id=1196"},"modified":"2020-12-18T11:41:05","modified_gmt":"2020-12-18T10:41:05","slug":"cim-projet-360","status":"publish","type":"page","link":"https:\/\/www.cimgroupe.com\/es\/cim-projet-360\/","title":{"rendered":"CIM PROJET 360"},"content":{"rendered":"\r\n<div class=\"cim-header\" style=\"background-image:url(https:\/\/www.cimgroupe.com\/wp-content\/uploads\/2019\/12\/header-news-1.jpg);\">\r\n\t\t<div class=\"bottom-shape\"><\/div>\r\n\t<div class=\"container\">\r\n\t\t\t\t\t<div class=\"breadcrumb\">\r\n\t\t\t\t<ul>\r\n\t\t\t\t\t\t\t\t\t\t\t\t<li><a href=\"https:\/\/www.cimgroupe.com\/es\/\">Home<\/a><\/li>\r\n\t\t\t\t\t\t\t\t\t\t\t\t\t\t<li><span>CIM PROJET 360<\/span><\/li>\r\n\t\t\t\t\t\t\t\t\t\t\t<\/ul>\r\n\t\t\t<\/div>\r\n\t\t\t\t\t\r\n\t\t<div class=\"row\">\r\n\t\t\t<div class=\"col-12 col-lg-9\">\r\n\t\t\t\t<h1>CIM<br><strong>Projet 360<\/strong><\/h1>\r\n\t\t\t<\/div>\r\n\t\t<\/div>\r\n\t<\/div>\r\n<\/div>\n\n\r\n<div class=\"summary-section \">\r\n\t<div class=\"container-fluid\">\r\n\t\t<div class=\"row\">\r\n\t\t\r\n                            <div class=\"col-12 col-lg-3 h-100\">\r\n                    <div class=\"summary\">\r\n                        <div class=\"top-shape\"><\/div>\r\n                            <ul>\r\n\t\t\t\t\t\t\t\t\r\n                                                                    <li><a href=\"#creador-de-soluciones-integradas\">Creador de soluciones integradas<\/a><\/li>\r\n                                                                        <li><a href=\"#respuestas-a-sus-necesidades-de-financiacion\">Respuestas a sus necesidades de financiaci\u00f3n<\/a><\/li>\r\n                                                                <\/ul>\r\n                    <\/div>\r\n                <\/div>\r\n                \r\n\t\t\t<div class=\"col-12 col-lg-9 h-100\">\r\n\t\t\t\t<div class=\"summary-section-content\">\r\n\t\t\t\t\t\n<div class=\"cim-intro\">\r\n\t<div class=\"container\">\r\n\t\tGracias a su experiencia y alianzas estrat\u00e9gicas, CIM puede ofrecer a sus clientes una gesti\u00f3n global de su proyecto , soluciones integradas adecuadas y financiamiento adaptado a sus necesidades.\t<\/div>\r\n<\/div>\n\n<div class=\"cim-colored-container blue\" style=\"margin-top:30px;z-index:2;\">\r\n    <div class=\"colored-container-inner\">\r\n        \n<div class=\"simple-text \">\r\n\t\r\n\t<div class=\"container\">\r\n\t\t<div class=\"row\">\r\n\t\t\t<div class=\"col-1 decorator\"><\/div>\r\n\t\t\t<div class=\"col\">\r\n\t\t\t\t <h2 id=\"creador-de-soluciones-integradas\"><strong>Creador de soluciones integradas<\/strong><\/h2> \t\t\t\t <div class=\"text\"><p>Material rodante, dep\u00f3sito, infraestructura, sea cual fuere la envergadura de su proyecto ferroviario o de transporte urbano, CIM elabora soluciones integradas y aporta su competencia en todas las etapas de ejecuci\u00f3n, con la garant\u00eda de que su presupuesto est\u00e1 bajo control.<\/p><\/div> \t\t\t\t<div class=\"ctas\">\r\n\t\t\t\t\t\t\t\t\t<\/div>\r\n\t\t\t<\/div>\r\n\t\t\t\r\n\t\t<\/div>\r\n\t<\/div>\r\n<\/div>\r\n\r\n\n\n<div class=\"cim-list-icn\">\r\n\t<div class=\"container\">\r\n\t\t\t\t\r\n\t\t<div class=\"elements\">\r\n\t\t\t\t\t\t\t\t<div class=\"element\">\r\n\t\t\t\t\t\t<div class=\"row\">\r\n\t\t\t\t\t\t\t<div class=\"col-1\">\r\n\t\t\t\t\t\t\t\t\t\t\t\t\t\t\t\t\t<img decoding=\"async\" src=\"https:\/\/www.cimgroupe.com\/wp-content\/uploads\/2020\/02\/icn-house-key-w.svg\">\r\n\t\t\t\t\t\t\t\t\t\t\t\t\t\t\t\t<\/div>\r\n\t\t\t\t\t\t\t<div class=\"col-11\">\r\n\t\t\t\t\t\t\t\t<h3>Una gesti\u00f3n llave en mano<\/h3>\t\t\t\t\t\t\t\t<p>La propuesta de CIM es un enfoque global y una competencia integrada para la ejecuci\u00f3n de proyectos de construcci\u00f3n o de mantenimiento, combinando su experiencia pr\u00e1ctica en el \u00e1mbito de los talleres de mantenimiento, el material rodante y la infraestructura ferroviaria.<\/p><p> Estamos comprometidos con el d\u00eda a d\u00eda: el estudio, la fabricaci\u00f3n, el suministro de equipos y de materiales, los trabajos de instalaci\u00f3n, la puesta en marcha y el mantenimiento. Para llegar all\u00ed, nos apoyamos en equipos calificados y especializados.<\/p>\t\t\t\t\t\t\t<\/div>\r\n\t\t\t\t\t\t<\/div>\r\n\t\t\t\t\t<\/div>\r\n\t\t\t\t\t\t\t\t\t\t<div class=\"element\">\r\n\t\t\t\t\t\t<div class=\"row\">\r\n\t\t\t\t\t\t\t<div class=\"col-1\">\r\n\t\t\t\t\t\t\t\t\t\t\t\t\t\t\t\t\t<img decoding=\"async\" src=\"https:\/\/www.cimgroupe.com\/wp-content\/uploads\/2020\/02\/icn-sketch-w.svg\">\r\n\t\t\t\t\t\t\t\t\t\t\t\t\t\t\t\t<\/div>\r\n\t\t\t\t\t\t\t<div class=\"col-11\">\r\n\t\t\t\t\t\t\t\t<h3>Soluciones a medida<\/h3>\t\t\t\t\t\t\t\t<p>CIM adapta sus soluciones a la configuraci\u00f3n de su proyecto ferroviario o de transporte urbano. Nuestros ingenieros desarrollan, innovan y luego anticipan las limitaciones de mantenimiento y la problem\u00e1tica de integraci\u00f3n relacionadas con la instalaci\u00f3n de nuestros equipos. Propuestas y respuestas a medida.<\/p>\t\t\t\t\t\t\t<\/div>\r\n\t\t\t\t\t\t<\/div>\r\n\t\t\t\t\t<\/div>\r\n\t\t\t\t\t\t\t\t\t\t<div class=\"element\">\r\n\t\t\t\t\t\t<div class=\"row\">\r\n\t\t\t\t\t\t\t<div class=\"col-1\">\r\n\t\t\t\t\t\t\t\t\t\t\t\t\t\t\t\t\t<img decoding=\"async\" src=\"https:\/\/www.cimgroupe.com\/wp-content\/uploads\/2020\/02\/icn-analysis-w.svg\">\r\n\t\t\t\t\t\t\t\t\t\t\t\t\t\t\t\t<\/div>\r\n\t\t\t\t\t\t\t<div class=\"col-11\">\r\n\t\t\t\t\t\t\t\t<h3>Control del presupuesto<\/h3>\t\t\t\t\t\t\t\t<p>En cada etapa de la gesti\u00f3n del proyecto, CIM realiza el seguimiento y el control del impacto financiero de las prestaciones previstas a fin de garantizar el desempe\u00f1o de su instalaci\u00f3n o de su infraestructura. Nuestra prioridad: el respeto de los plazos y la garant\u00eda de la calidad con la seguridad de un presupuesto bajo control.<\/p>\t\t\t\t\t\t\t<\/div>\r\n\t\t\t\t\t\t<\/div>\r\n\t\t\t\t\t<\/div>\r\n\t\t\t\t\t\t\t<\/div>\r\n\t<\/div>\r\n<\/div>\n    <\/div>\r\n<\/div>\r\n\n\n<div class=\"cim-colored-container red\" style=\"margin-top:-120px;z-index:1;--block-background-image:url(https:\/\/www.cimgroupe.com\/wp-content\/uploads\/2019\/12\/element-3.jpg);\">\r\n    <div class=\"colored-container-inner\">\r\n        \n\n    <\/div>\r\n<\/div>\r\n\n\n<div class=\"cim-colored-container dark-blue\" style=\"margin-top:-100px;z-index:2;\">\r\n    <div class=\"colored-container-inner\">\r\n        \n<div class=\"simple-text \">\r\n\t\r\n\t<div class=\"container\">\r\n\t\t<div class=\"row\">\r\n\t\t\t<div class=\"col-1 decorator\"><\/div>\r\n\t\t\t<div class=\"col\">\r\n\t\t\t\t <h2 id=\"respuestas-a-sus-necesidades-de-financiacion\">Respuestas a sus necesidades de financiaci\u00f3n<\/h2> \t\t\t\t <div class=\"text\"><p>CIM Projects lo ayuda a obtener los fondos necesarios para la realizaci\u00f3n de su proyecto ferroviario o de transporte urbano.Gracias a nuestra cercan\u00eda con los clientes, nuestro o\u00eddo atento a sus expectativas y nuestra flexibilidad, siempre hemos sabido responder a las necesidades de financiaci\u00f3n de los proyectos en los que estamos comprometidos. Seg\u00fan el proyecto y el contexto, CIM se apoya en la solidez de sus socios para acompa\u00f1arlo en el armado, quiz\u00e1s complejo, de su proyecto:<\/p><\/div> \t\t\t\t<div class=\"ctas\">\r\n\t\t\t\t\t\t\t\t\t<\/div>\r\n\t\t\t<\/div>\r\n\t\t\t\r\n\t\t<\/div>\r\n\t<\/div>\r\n<\/div>\r\n\r\n\n\n<div class=\"cim-simple-list  bullet-red\">\r\n    <ul>\r\n        <li>Las entidades financieras (BEI, BID, CAF, BAD, BOAD)<\/li><li>Nuestros socios bancarios (Soci\u00e9t\u00e9 G\u00e9n\u00e9rale, BNP Paribas, etc.)<\/li><li>Los l\u00edderes de seguros de cr\u00e9dito (COFACE, CESCE, KFW, ATRADIUS, ERMES).<\/li>    <\/ul>\r\n<\/div>\r\n\n    <\/div>\r\n<\/div>\r\n\n\t\t\t\t<\/div>\r\n\t\t\t<\/div>\r\n\t\t<\/div>\r\n\t<\/div>\r\n<\/div>\r\n","protected":false},"excerpt":{"rendered":"","protected":false},"author":5,"featured_media":0,"parent":0,"menu_order":0,"comment_status":"closed","ping_status":"closed","template":"","meta":{"_acf_changed":false,"footnotes":""},"class_list":["post-1196","page","type-page","status-publish","hentry"],"acf":[],"_links":{"self":[{"href":"https:\/\/www.cimgroupe.com\/es\/wp-json\/wp\/v2\/pages\/1196","targetHints":{"allow":["GET"]}}],"collection":[{"href":"https:\/\/www.cimgroupe.com\/es\/wp-json\/wp\/v2\/pages"}],"about":[{"href":"https:\/\/www.cimgroupe.com\/es\/wp-json\/wp\/v2\/types\/page"}],"author":[{"embeddable":true,"href":"https:\/\/www.cimgroupe.com\/es\/wp-json\/wp\/v2\/users\/5"}],"replies":[{"embeddable":true,"href":"https:\/\/www.cimgroupe.com\/es\/wp-json\/wp\/v2\/comments?post=1196"}],"version-history":[{"count":1,"href":"https:\/\/www.cimgroupe.com\/es\/wp-json\/wp\/v2\/pages\/1196\/revisions"}],"predecessor-version":[{"id":1197,"href":"https:\/\/www.cimgroupe.com\/es\/wp-json\/wp\/v2\/pages\/1196\/revisions\/1197"}],"wp:attachment":[{"href":"https:\/\/www.cimgroupe.com\/es\/wp-json\/wp\/v2\/media?parent=1196"}],"curies":[{"name":"wp","href":"https:\/\/api.w.org\/{rel}","templated":true}]}}