{"id":1445,"date":"2021-03-04T11:08:01","date_gmt":"2021-03-04T10:08:01","guid":{"rendered":"https:\/\/www.cimgroupe.com\/?page_id=1445"},"modified":"2021-09-14T12:57:33","modified_gmt":"2021-09-14T10:57:33","slug":"servicio","status":"publish","type":"page","link":"https:\/\/www.cimgroupe.com\/es\/servicio\/","title":{"rendered":"Servicios"},"content":{"rendered":"\n<p><\/p>\n\n\n\r\n<div class=\"cim-header\" style=\"background-image:url(https:\/\/www.cimgroupe.com\/wp-content\/uploads\/2021\/03\/header.jpg);\">\r\n\t <div class=\"overlay\"><\/div> \t<div class=\"bottom-shape\"><\/div>\r\n\t<div class=\"container\">\r\n\t\t\t\t\t<div class=\"breadcrumb\">\r\n\t\t\t\t<ul>\r\n\t\t\t\t\t\t\t\t\t\t\t\t<li><a href=\"https:\/\/www.cimgroupe.com\/es\/\">Home<\/a><\/li>\r\n\t\t\t\t\t\t\t\t\t\t\t\t\t\t<li><span>Servicios<\/span><\/li>\r\n\t\t\t\t\t\t\t\t\t\t\t<\/ul>\r\n\t\t\t<\/div>\r\n\t\t\t\t\t\r\n\t\t<div class=\"row\">\r\n\t\t\t<div class=\"col-12 col-lg-9\">\r\n\t\t\t\t<h1>Servicio<\/h1>\r\n\t\t\t<\/div>\r\n\t\t<\/div>\r\n\t<\/div>\r\n<\/div>\n\n\r\n<div class=\"summary-section \">\r\n\t<div class=\"container-fluid\">\r\n\t\t<div class=\"row\">\r\n\t\t\r\n                            <div class=\"col-12 col-lg-3 h-100\">\r\n                    <div class=\"summary\">\r\n                        <div class=\"top-shape\"><\/div>\r\n                            <ul>\r\n\t\t\t\t\t\t\t\t\r\n                                                                    <li><a href=\"#departamento-de-ingenieria-y-diseno\">Departamento de ingenier\u00eda y dise\u00f1o<\/a><\/li>\r\n                                                                        <li><a href=\"#mantenimiento-rehabilitacion-y-modernizacion\">Mantenimiento, rehabilitaci\u00f3n y modernizaci\u00f3n<\/a><\/li>\r\n                                                                        <li><a href=\"#formacion\">Formaci\u00f3n<\/a><\/li>\r\n                                                                        <li><a href=\"#centro-de-recursos\">Centro de recursos<\/a><\/li>\r\n                                                                <\/ul>\r\n                    <\/div>\r\n                <\/div>\r\n                \r\n\t\t\t<div class=\"col-12 col-lg-9 h-100\">\r\n\t\t\t\t<div class=\"summary-section-content\">\r\n\t\t\t\t\t\n<div class=\"cim-intro\">\r\n\t<div class=\"container\">\r\n\t\tLa satisfacci\u00f3n de nuestros clientes y socios est\u00e1 en el centro de nuestros compromisos. Por ello, CIM ofrece toda una serie de servicios a la carta disponibles en cada etapa de nuestra colaboraci\u00f3n.\t<\/div>\r\n<\/div>\n\n<div class=\"simple-text bg-blue\">\r\n\t\r\n\t<div class=\"container\">\r\n\t\t<div class=\"row\">\r\n\t\t\t<div class=\"col-1 decorator\"><\/div>\r\n\t\t\t<div class=\"col\">\r\n\t\t\t\t <h2 id=\"departamento-de-ingenieria-y-diseno\">Departamento de ingenier\u00eda y dise\u00f1o<\/h2> \t\t\t\t <div class=\"text\"><p>CIM cuenta con equipos de ingenieros capaces de llevar a cabo un ambicioso enfoque de I+D y estudios espec\u00edficos para cada necesidad del cliente. Con una mezcla \u00fanica de conocimientos, experiencia y multidisciplinariedad, nuestras oficinas pueden responder a cualquier tipo de problema en cualquier campo.<\/p><\/div> \t\t\t\t<div class=\"ctas\">\r\n\t\t\t\t\t\t\t\t\t<\/div>\r\n\t\t\t<\/div>\r\n\t\t\t\r\n\t\t<\/div>\r\n\t<\/div>\r\n<\/div>\r\n\r\n\n\n<div class=\"cim-list-icn\">\r\n\t<div class=\"container\">\r\n\t\t\t\t\t<h2 id=\"mantenimiento-rehabilitacion-y-modernizacion\">Mantenimiento, rehabilitaci\u00f3n y modernizaci\u00f3n<\/h2>\r\n\t\t\t\t\t\t<div class=\"text\">La experiencia y la capacidad de reacci\u00f3n de nuestros equipos est\u00e1n al servicio del rendimiento de sus equipos, sean o no suministrados por CIM. Nuestro \u00e1mbito de intervenci\u00f3n es amplio:<\/div>\r\n\t\t\t\t\t\r\n\t\t<div class=\"elements\">\r\n\t\t\t\t\t\t\t\t<div class=\"element\">\r\n\t\t\t\t\t\t<div class=\"row\">\r\n\t\t\t\t\t\t\t<div class=\"col-1\">\r\n\t\t\t\t\t\t\t\t\t\t\t\t\t\t\t\t\t<img decoding=\"async\" src=\"https:\/\/www.cimgroupe.com\/wp-content\/uploads\/2021\/03\/icn-cog-red.svg\">\r\n\t\t\t\t\t\t\t\t\t\t\t\t\t\t\t\t<\/div>\r\n\t\t\t\t\t\t\t<div class=\"col-11\">\r\n\t\t\t\t\t\t\t\t<h3>mantenimiento de los equipos del taller,<\/h3>\t\t\t\t\t\t\t\t\t\t\t\t\t\t\t<\/div>\r\n\t\t\t\t\t\t<\/div>\r\n\t\t\t\t\t<\/div>\r\n\t\t\t\t\t\t\t\t\t\t<div class=\"element\">\r\n\t\t\t\t\t\t<div class=\"row\">\r\n\t\t\t\t\t\t\t<div class=\"col-1\">\r\n\t\t\t\t\t\t\t\t\t\t\t\t\t\t\t\t\t<img decoding=\"async\" src=\"https:\/\/www.cimgroupe.com\/wp-content\/uploads\/2021\/02\/product.jpg\">\r\n\t\t\t\t\t\t\t\t\t\t\t\t\t\t\t\t<\/div>\r\n\t\t\t\t\t\t\t<div class=\"col-11\">\r\n\t\t\t\t\t\t\t\t<h3>distribuci\u00f3n de piezas de repuesto y componentes,<\/h3>\t\t\t\t\t\t\t\t\t\t\t\t\t\t\t<\/div>\r\n\t\t\t\t\t\t<\/div>\r\n\t\t\t\t\t<\/div>\r\n\t\t\t\t\t\t\t\t\t\t<div class=\"element\">\r\n\t\t\t\t\t\t<div class=\"row\">\r\n\t\t\t\t\t\t\t<div class=\"col-1\">\r\n\t\t\t\t\t\t\t\t\t\t\t\t\t\t\t\t\t<img decoding=\"async\" src=\"https:\/\/www.cimgroupe.com\/wp-content\/uploads\/2020\/10\/outils.jpg\">\r\n\t\t\t\t\t\t\t\t\t\t\t\t\t\t\t\t<\/div>\r\n\t\t\t\t\t\t\t<div class=\"col-11\">\r\n\t\t\t\t\t\t\t\t<h3>mantenimiento de las flotas de material rodante,<\/h3>\t\t\t\t\t\t\t\t\t\t\t\t\t\t\t<\/div>\r\n\t\t\t\t\t\t<\/div>\r\n\t\t\t\t\t<\/div>\r\n\t\t\t\t\t\t\t\t\t\t<div class=\"element\">\r\n\t\t\t\t\t\t<div class=\"row\">\r\n\t\t\t\t\t\t\t<div class=\"col-1\">\r\n\t\t\t\t\t\t\t\t\t\t\t\t\t\t\t\t\t<img decoding=\"async\" src=\"https:\/\/www.cimgroupe.com\/wp-content\/uploads\/2020\/10\/wagons.jpg\">\r\n\t\t\t\t\t\t\t\t\t\t\t\t\t\t\t\t<\/div>\r\n\t\t\t\t\t\t\t<div class=\"col-11\">\r\n\t\t\t\t\t\t\t\t<h3>rehabilitaci\u00f3n y modernizaci\u00f3n del material rodante,<\/h3>\t\t\t\t\t\t\t\t\t\t\t\t\t\t\t<\/div>\r\n\t\t\t\t\t\t<\/div>\r\n\t\t\t\t\t<\/div>\r\n\t\t\t\t\t\t\t\t\t\t<div class=\"element\">\r\n\t\t\t\t\t\t<div class=\"row\">\r\n\t\t\t\t\t\t\t<div class=\"col-1\">\r\n\t\t\t\t\t\t\t\t\t\t\t\t\t\t\t\t\t<img decoding=\"async\" src=\"https:\/\/www.cimgroupe.com\/wp-content\/uploads\/2021\/02\/rails.jpg\">\r\n\t\t\t\t\t\t\t\t\t\t\t\t\t\t\t\t<\/div>\r\n\t\t\t\t\t\t\t<div class=\"col-11\">\r\n\t\t\t\t\t\t\t\t<h3>renovaci\u00f3n del material de v\u00edas.<\/h3>\t\t\t\t\t\t\t\t\t\t\t\t\t\t\t<\/div>\r\n\t\t\t\t\t\t<\/div>\r\n\t\t\t\t\t<\/div>\r\n\t\t\t\t\t\t\t<\/div>\r\n\t<\/div>\r\n<\/div>\n\n<div class=\"simple-text \">\r\n\t\r\n\t<div class=\"container\">\r\n\t\t<div class=\"row\">\r\n\t\t\t<div class=\"col-1 decorator\"><\/div>\r\n\t\t\t<div class=\"col\">\r\n\t\t\t\t <h2 id=\"formacion\">Formaci\u00f3n<\/h2> \t\t\t\t <div class=\"text\"><p>La formaci\u00f3n de los operadores y del personal de mantenimiento es inseparable del suministro de equipos. Por ello, CIM ofrece cursos de formaci\u00f3n para impartir los conocimientos necesarios para el mantenimiento de su flota de material rodante.<\/p><p>Impartidos por los equipos altamente cualificados de CIM y por el personal especializado de nuestros socios industriales, estos cursos tienen en cuenta las necesidades particulares de los usuarios y est\u00e1n especialmente dise\u00f1ados para permitirles dominar plenamente los equipos entregados.<\/p><\/div> \t\t\t\t<div class=\"ctas\">\r\n\t\t\t\t\t\t\t\t\t<\/div>\r\n\t\t\t<\/div>\r\n\t\t\t\r\n\t\t<\/div>\r\n\t<\/div>\r\n<\/div>\r\n\r\n\n\n<div class=\"simple-text bg-red\">\r\n\t\r\n\t<div class=\"container\">\r\n\t\t<div class=\"row\">\r\n\t\t\t<div class=\"col-1 decorator\"><\/div>\r\n\t\t\t<div class=\"col\">\r\n\t\t\t\t <h2 id=\"centro-de-recursos\">Centro de recursos<\/h2> \t\t\t\t <div class=\"text\"><p>Utilizando todos los recursos del departamento de ingenier\u00eda de CIM y de nuestros socios industriales, podemos proporcionarles la documentaci\u00f3n t\u00e9cnica completa de todos los equipos y materiales suministrados, incluidos los manuales del operador y los cat\u00e1logos de mantenimiento, en su idioma.<\/p><\/div> \t\t\t\t<div class=\"ctas\">\r\n\t\t\t\t\t\t\t\t\t<\/div>\r\n\t\t\t<\/div>\r\n\t\t\t\r\n\t\t<\/div>\r\n\t<\/div>\r\n<\/div>\r\n\r\n\n\t\t\t\t<\/div>\r\n\t\t\t<\/div>\r\n\t\t<\/div>\r\n\t<\/div>\r\n<\/div>\r\n\n\n<div class=\"cim-section\" style=\"background-image:url(https:\/\/www.cimgroupe.com\/wp-content\/uploads\/2021\/03\/cim-projet.jpg);\">\r\n\t\t\t<div class=\"overlay\"><\/div>\r\n\t\t\t<div class=\"container\">\r\n\t\t<div class=\"row\">\r\n\t\t\t<div class=\"col-12 col-lg-6\">\r\n\t\t\t\t <h2>PROJET 360<\/h2> \t\t\t\t <div class=\"text\">CIM Projects le ofrece el beneficio de su experiencia y sus alianzas estrat\u00e9gicas para proporcionarle una gesti\u00f3n de proyectos llave en mano, soluciones integradas pertinentes y una financiaci\u00f3n adaptada.<\/div> \t\t\t\t\t\t\t\t\t<div class=\"cta\">\r\n\t\t\t\t\t\t<a href=\"https:\/\/www.cimgroupe.com\/es\/cim-projet-360\/\"><strong>M\u00c1S INFORMACI\u00d3N SOBRE LA EMPRESA<\/strong><\/a>\r\n\t\t\t\t\t<\/div>\r\n\t\t\t\t\t\t\t\t<\/div>\r\n\t\t<\/div>\r\n\t<\/div>\r\n<\/div>","protected":false},"excerpt":{"rendered":"","protected":false},"author":5,"featured_media":0,"parent":0,"menu_order":0,"comment_status":"closed","ping_status":"closed","template":"","meta":{"_acf_changed":false,"footnotes":""},"class_list":["post-1445","page","type-page","status-publish","hentry"],"acf":[],"yoast_head":"<!-- This site is optimized with the Yoast SEO plugin v27.5 - https:\/\/yoast.com\/product\/yoast-seo-wordpress\/ -->\n<title>Servicios - CIM Groupe<\/title>\n<meta name=\"robots\" content=\"index, follow, max-snippet:-1, max-image-preview:large, max-video-preview:-1\" \/>\n<link rel=\"canonical\" href=\"https:\/\/www.cimgroupe.com\/es\/servicio\/\" \/>\n<meta property=\"og:locale\" content=\"es_ES\" \/>\n<meta property=\"og:type\" content=\"article\" \/>\n<meta property=\"og:title\" content=\"Servicios - CIM Groupe\" \/>\n<meta property=\"og:url\" content=\"https:\/\/www.cimgroupe.com\/es\/servicio\/\" \/>\n<meta property=\"og:site_name\" content=\"CIM Groupe\" \/>\n<meta property=\"article:modified_time\" content=\"2021-09-14T10:57:33+00:00\" \/>\n<meta name=\"twitter:card\" content=\"summary_large_image\" \/>\n<script type=\"application\/ld+json\" class=\"yoast-schema-graph\">{\"@context\":\"https:\\\/\\\/schema.org\",\"@graph\":[{\"@type\":\"WebPage\",\"@id\":\"https:\\\/\\\/www.cimgroupe.com\\\/es\\\/servicio\\\/\",\"url\":\"https:\\\/\\\/www.cimgroupe.com\\\/es\\\/servicio\\\/\",\"name\":\"Servicios - CIM Groupe\",\"isPartOf\":{\"@id\":\"https:\\\/\\\/www.cimgroupe.com\\\/es\\\/#website\"},\"datePublished\":\"2021-03-04T10:08:01+00:00\",\"dateModified\":\"2021-09-14T10:57:33+00:00\",\"breadcrumb\":{\"@id\":\"https:\\\/\\\/www.cimgroupe.com\\\/es\\\/servicio\\\/#breadcrumb\"},\"inLanguage\":\"es-ES\",\"potentialAction\":[{\"@type\":\"ReadAction\",\"target\":[\"https:\\\/\\\/www.cimgroupe.com\\\/es\\\/servicio\\\/\"]}]},{\"@type\":\"BreadcrumbList\",\"@id\":\"https:\\\/\\\/www.cimgroupe.com\\\/es\\\/servicio\\\/#breadcrumb\",\"itemListElement\":[{\"@type\":\"ListItem\",\"position\":1,\"name\":\"Accueil\",\"item\":\"https:\\\/\\\/www.cimgroupe.com\\\/es\\\/\"},{\"@type\":\"ListItem\",\"position\":2,\"name\":\"Servicios\"}]},{\"@type\":\"WebSite\",\"@id\":\"https:\\\/\\\/www.cimgroupe.com\\\/es\\\/#website\",\"url\":\"https:\\\/\\\/www.cimgroupe.com\\\/es\\\/\",\"name\":\"CIM Groupe\",\"description\":\"Compagnie Internationale de Maintenance\",\"publisher\":{\"@id\":\"https:\\\/\\\/www.cimgroupe.com\\\/es\\\/#organization\"},\"potentialAction\":[{\"@type\":\"SearchAction\",\"target\":{\"@type\":\"EntryPoint\",\"urlTemplate\":\"https:\\\/\\\/www.cimgroupe.com\\\/es\\\/?s={search_term_string}\"},\"query-input\":{\"@type\":\"PropertyValueSpecification\",\"valueRequired\":true,\"valueName\":\"search_term_string\"}}],\"inLanguage\":\"es-ES\"},{\"@type\":\"Organization\",\"@id\":\"https:\\\/\\\/www.cimgroupe.com\\\/es\\\/#organization\",\"name\":\"CIM\",\"url\":\"https:\\\/\\\/www.cimgroupe.com\\\/es\\\/\",\"logo\":{\"@type\":\"ImageObject\",\"inLanguage\":\"es-ES\",\"@id\":\"https:\\\/\\\/www.cimgroupe.com\\\/es\\\/#\\\/schema\\\/logo\\\/image\\\/\",\"url\":\"https:\\\/\\\/www.cimgroupe.com\\\/wp-content\\\/uploads\\\/2023\\\/08\\\/CIM-aJohnCockerillCompany-rgb.jpg\",\"contentUrl\":\"https:\\\/\\\/www.cimgroupe.com\\\/wp-content\\\/uploads\\\/2023\\\/08\\\/CIM-aJohnCockerillCompany-rgb.jpg\",\"width\":887,\"height\":369,\"caption\":\"CIM\"},\"image\":{\"@id\":\"https:\\\/\\\/www.cimgroupe.com\\\/es\\\/#\\\/schema\\\/logo\\\/image\\\/\"},\"sameAs\":[\"https:\\\/\\\/www.linkedin.com\\\/company\\\/cim---compagnie-internationale-de-maintenance\\\/mycompany\"]}]}<\/script>\n<!-- \/ Yoast SEO plugin. -->","yoast_head_json":{"title":"Servicios - CIM Groupe","robots":{"index":"index","follow":"follow","max-snippet":"max-snippet:-1","max-image-preview":"max-image-preview:large","max-video-preview":"max-video-preview:-1"},"canonical":"https:\/\/www.cimgroupe.com\/es\/servicio\/","og_locale":"es_ES","og_type":"article","og_title":"Servicios - CIM Groupe","og_url":"https:\/\/www.cimgroupe.com\/es\/servicio\/","og_site_name":"CIM Groupe","article_modified_time":"2021-09-14T10:57:33+00:00","twitter_card":"summary_large_image","schema":{"@context":"https:\/\/schema.org","@graph":[{"@type":"WebPage","@id":"https:\/\/www.cimgroupe.com\/es\/servicio\/","url":"https:\/\/www.cimgroupe.com\/es\/servicio\/","name":"Servicios - CIM Groupe","isPartOf":{"@id":"https:\/\/www.cimgroupe.com\/es\/#website"},"datePublished":"2021-03-04T10:08:01+00:00","dateModified":"2021-09-14T10:57:33+00:00","breadcrumb":{"@id":"https:\/\/www.cimgroupe.com\/es\/servicio\/#breadcrumb"},"inLanguage":"es-ES","potentialAction":[{"@type":"ReadAction","target":["https:\/\/www.cimgroupe.com\/es\/servicio\/"]}]},{"@type":"BreadcrumbList","@id":"https:\/\/www.cimgroupe.com\/es\/servicio\/#breadcrumb","itemListElement":[{"@type":"ListItem","position":1,"name":"Accueil","item":"https:\/\/www.cimgroupe.com\/es\/"},{"@type":"ListItem","position":2,"name":"Servicios"}]},{"@type":"WebSite","@id":"https:\/\/www.cimgroupe.com\/es\/#website","url":"https:\/\/www.cimgroupe.com\/es\/","name":"CIM Groupe","description":"Compagnie Internationale de Maintenance","publisher":{"@id":"https:\/\/www.cimgroupe.com\/es\/#organization"},"potentialAction":[{"@type":"SearchAction","target":{"@type":"EntryPoint","urlTemplate":"https:\/\/www.cimgroupe.com\/es\/?s={search_term_string}"},"query-input":{"@type":"PropertyValueSpecification","valueRequired":true,"valueName":"search_term_string"}}],"inLanguage":"es-ES"},{"@type":"Organization","@id":"https:\/\/www.cimgroupe.com\/es\/#organization","name":"CIM","url":"https:\/\/www.cimgroupe.com\/es\/","logo":{"@type":"ImageObject","inLanguage":"es-ES","@id":"https:\/\/www.cimgroupe.com\/es\/#\/schema\/logo\/image\/","url":"https:\/\/www.cimgroupe.com\/wp-content\/uploads\/2023\/08\/CIM-aJohnCockerillCompany-rgb.jpg","contentUrl":"https:\/\/www.cimgroupe.com\/wp-content\/uploads\/2023\/08\/CIM-aJohnCockerillCompany-rgb.jpg","width":887,"height":369,"caption":"CIM"},"image":{"@id":"https:\/\/www.cimgroupe.com\/es\/#\/schema\/logo\/image\/"},"sameAs":["https:\/\/www.linkedin.com\/company\/cim---compagnie-internationale-de-maintenance\/mycompany"]}]}},"_links":{"self":[{"href":"https:\/\/www.cimgroupe.com\/es\/wp-json\/wp\/v2\/pages\/1445","targetHints":{"allow":["GET"]}}],"collection":[{"href":"https:\/\/www.cimgroupe.com\/es\/wp-json\/wp\/v2\/pages"}],"about":[{"href":"https:\/\/www.cimgroupe.com\/es\/wp-json\/wp\/v2\/types\/page"}],"author":[{"embeddable":true,"href":"https:\/\/www.cimgroupe.com\/es\/wp-json\/wp\/v2\/users\/5"}],"replies":[{"embeddable":true,"href":"https:\/\/www.cimgroupe.com\/es\/wp-json\/wp\/v2\/comments?post=1445"}],"version-history":[{"count":3,"href":"https:\/\/www.cimgroupe.com\/es\/wp-json\/wp\/v2\/pages\/1445\/revisions"}],"predecessor-version":[{"id":2101,"href":"https:\/\/www.cimgroupe.com\/es\/wp-json\/wp\/v2\/pages\/1445\/revisions\/2101"}],"wp:attachment":[{"href":"https:\/\/www.cimgroupe.com\/es\/wp-json\/wp\/v2\/media?parent=1445"}],"curies":[{"name":"wp","href":"https:\/\/api.w.org\/{rel}","templated":true}]}}