{"id":2092,"date":"2021-09-14T12:49:14","date_gmt":"2021-09-14T10:49:14","guid":{"rendered":"https:\/\/www.cimgroupe.com\/?page_id=2092"},"modified":"2021-09-14T12:51:38","modified_gmt":"2021-09-14T10:51:38","slug":"estudios-y-concepcion","status":"publish","type":"page","link":"https:\/\/www.cimgroupe.com\/es\/estudios-y-concepcion\/","title":{"rendered":"Estudios y Concepci\u00f3n"},"content":{"rendered":"\r\n<div class=\"cim-header\" style=\"background-image:url(https:\/\/www.cimgroupe.com\/wp-content\/uploads\/2020\/10\/Conception.png);\">\r\n\t <div class=\"overlay\"><\/div> \t<div class=\"bottom-shape\"><\/div>\r\n\t<div class=\"container\">\r\n\t\t\t\t\t<div class=\"breadcrumb\">\r\n\t\t\t\t<ul>\r\n\t\t\t\t\t\t\t\t\t\t\t\t<li><a href=\"https:\/\/www.cimgroupe.com\/es\/\">Home<\/a><\/li>\r\n\t\t\t\t\t\t\t\t\t\t\t\t\t\t<li><span>Estudios y Concepci\u00f3n<\/span><\/li>\r\n\t\t\t\t\t\t\t\t\t\t\t<\/ul>\r\n\t\t\t<\/div>\r\n\t\t\t\t\t\r\n\t\t<div class=\"row\">\r\n\t\t\t<div class=\"col-12 col-lg-9\">\r\n\t\t\t\t<h1>Estudios y Concepci\u00f3n<\/h1>\r\n\t\t\t<\/div>\r\n\t\t<\/div>\r\n\t<\/div>\r\n<\/div>\n\n\r\n<div class=\"summary-section no-summary\">\r\n\t<div class=\"container-fluid\">\r\n\t\t<div class=\"row\">\r\n\t\t\r\n            \r\n\t\t\t<div class=\"col-12 col-lg-12 h-100\">\r\n\t\t\t\t<div class=\"summary-section-content\">\r\n\t\t\t\t\t\n<div class=\"cim-intro\">\r\n\t<div class=\"container\">\r\n\t\tCon 45 a\u00f1os de experiencia internacional en el \u00e1mbito del mantenimiento de repuestos, CIM ha desarrollado una profunda experiencia en la realizaci\u00f3n de dep\u00f3sitos y de talleres de mantenimiento ferroviario.\t<\/div>\r\n<\/div>\n\n<div class=\"simple-text bg-blue\">\r\n\t\r\n\t<div class=\"container\">\r\n\t\t<div class=\"row\">\r\n\t\t\t<div class=\"col-1 decorator\"><\/div>\r\n\t\t\t<div class=\"col\">\r\n\t\t\t\t <h2 id=\"del-concepto-al-proyecto\">Del concepto al proyecto<\/h2> \t\t\t\t <div class=\"text\">u003cpu003eEstamos convencidos de que nuestros clientes se enfrentan con problemas relacionados con el control de los costos de operaci\u00f3n y el aumento de la disponibilidad de la flota de trenes. Nosotros les ofrecemos las respuestas apropiadas, cuestionando las pr\u00e1cticas de mantenimiento y las especificaciones de las herramientas adaptadas.u003c\/pu003eu003cpu003eDise\u00f1amos e integramos soluciones industriales, desde la ingenier\u00eda preliminar hasta los estudios en detalle, pasando por la gesti\u00f3n de interfaces, las especificaciones t\u00e9cnicas de las necesidades y el dimensionamiento del taller.u003c\/pu003eu003cpu003eAcompa\u00f1amos a nuestros clientes desde la explicaci\u00f3n de sus necesidades hasta la puesta en marcha de la instalaci\u00f3n de acuerdo con las especificaciones establecidas.u003c\/pu003eu003cpu003eTambi\u00e9n utilizamos las herramientas necesarias para el seguimiento y supervisi\u00f3n de los equipos a fin de alcanzar una mejor gesti\u00f3n del uso y del mantenimiento de nuestras m\u00e1quinas.u003c\/pu003e<\/div> \t\t\t\t<div class=\"ctas\">\r\n\t\t\t\t\t\t\t\t\t<\/div>\r\n\t\t\t<\/div>\r\n\t\t\t\r\n\t\t<\/div>\r\n\t<\/div>\r\n<\/div>\r\n\r\n\n\t\t\t\t<\/div>\r\n\t\t\t<\/div>\r\n\t\t<\/div>\r\n\t<\/div>\r\n<\/div>\r\n\n\n<div class=\"cim-section\" style=\"background-image:url(https:\/\/www.cimgroupe.com\/wp-content\/uploads\/2021\/03\/cim-projet.jpg);\">\r\n\t\t\t<div class=\"overlay\"><\/div>\r\n\t\t\t<div class=\"container\">\r\n\t\t<div class=\"row\">\r\n\t\t\t<div class=\"col-12 col-lg-6\">\r\n\t\t\t\t <h2>PROJET 360<\/h2> \t\t\t\t <div class=\"text\">CIM Projects le ofrece el beneficio de su experiencia y sus alianzas estrat\u00e9gicas para proporcionarle una gesti\u00f3n de proyectos llave en mano, soluciones integradas pertinentes y una financiaci\u00f3n adaptada.<\/div> \t\t\t\t\t\t\t\t\t<div class=\"cta\">\r\n\t\t\t\t\t\t<a href=\"https:\/\/www.cimgroupe.com\/es\/cim-projet-360\/\"><strong>M\u00c1S INFORMACI\u00d3N SOBRE LA EMPRESA<\/strong><\/a>\r\n\t\t\t\t\t<\/div>\r\n\t\t\t\t\t\t\t\t<\/div>\r\n\t\t<\/div>\r\n\t<\/div>\r\n<\/div>","protected":false},"excerpt":{"rendered":"","protected":false},"author":1,"featured_media":0,"parent":0,"menu_order":0,"comment_status":"closed","ping_status":"closed","template":"","meta":{"_acf_changed":false,"footnotes":""},"class_list":["post-2092","page","type-page","status-publish","hentry"],"acf":[],"yoast_head":"<!-- This site is optimized with the Yoast SEO plugin v27.5 - https:\/\/yoast.com\/product\/yoast-seo-wordpress\/ -->\n<title>Estudios y Concepci\u00f3n - CIM Groupe<\/title>\n<meta name=\"robots\" content=\"index, follow, max-snippet:-1, max-image-preview:large, max-video-preview:-1\" \/>\n<link rel=\"canonical\" href=\"https:\/\/www.cimgroupe.com\/es\/estudios-y-concepcion\/\" \/>\n<meta property=\"og:locale\" content=\"es_ES\" \/>\n<meta property=\"og:type\" content=\"article\" \/>\n<meta property=\"og:title\" content=\"Estudios y Concepci\u00f3n - CIM Groupe\" \/>\n<meta property=\"og:url\" content=\"https:\/\/www.cimgroupe.com\/es\/estudios-y-concepcion\/\" \/>\n<meta property=\"og:site_name\" content=\"CIM Groupe\" \/>\n<meta property=\"article:modified_time\" content=\"2021-09-14T10:51:38+00:00\" \/>\n<meta name=\"twitter:card\" content=\"summary_large_image\" \/>\n<script type=\"application\/ld+json\" class=\"yoast-schema-graph\">{\"@context\":\"https:\\\/\\\/schema.org\",\"@graph\":[{\"@type\":\"WebPage\",\"@id\":\"https:\\\/\\\/www.cimgroupe.com\\\/es\\\/estudios-y-concepcion\\\/\",\"url\":\"https:\\\/\\\/www.cimgroupe.com\\\/es\\\/estudios-y-concepcion\\\/\",\"name\":\"Estudios y Concepci\u00f3n - CIM Groupe\",\"isPartOf\":{\"@id\":\"https:\\\/\\\/www.cimgroupe.com\\\/es\\\/#website\"},\"datePublished\":\"2021-09-14T10:49:14+00:00\",\"dateModified\":\"2021-09-14T10:51:38+00:00\",\"breadcrumb\":{\"@id\":\"https:\\\/\\\/www.cimgroupe.com\\\/es\\\/estudios-y-concepcion\\\/#breadcrumb\"},\"inLanguage\":\"es-ES\",\"potentialAction\":[{\"@type\":\"ReadAction\",\"target\":[\"https:\\\/\\\/www.cimgroupe.com\\\/es\\\/estudios-y-concepcion\\\/\"]}]},{\"@type\":\"BreadcrumbList\",\"@id\":\"https:\\\/\\\/www.cimgroupe.com\\\/es\\\/estudios-y-concepcion\\\/#breadcrumb\",\"itemListElement\":[{\"@type\":\"ListItem\",\"position\":1,\"name\":\"Accueil\",\"item\":\"https:\\\/\\\/www.cimgroupe.com\\\/es\\\/\"},{\"@type\":\"ListItem\",\"position\":2,\"name\":\"Estudios y Concepci\u00f3n\"}]},{\"@type\":\"WebSite\",\"@id\":\"https:\\\/\\\/www.cimgroupe.com\\\/es\\\/#website\",\"url\":\"https:\\\/\\\/www.cimgroupe.com\\\/es\\\/\",\"name\":\"CIM Groupe\",\"description\":\"Compagnie Internationale de Maintenance\",\"publisher\":{\"@id\":\"https:\\\/\\\/www.cimgroupe.com\\\/es\\\/#organization\"},\"potentialAction\":[{\"@type\":\"SearchAction\",\"target\":{\"@type\":\"EntryPoint\",\"urlTemplate\":\"https:\\\/\\\/www.cimgroupe.com\\\/es\\\/?s={search_term_string}\"},\"query-input\":{\"@type\":\"PropertyValueSpecification\",\"valueRequired\":true,\"valueName\":\"search_term_string\"}}],\"inLanguage\":\"es-ES\"},{\"@type\":\"Organization\",\"@id\":\"https:\\\/\\\/www.cimgroupe.com\\\/es\\\/#organization\",\"name\":\"CIM\",\"url\":\"https:\\\/\\\/www.cimgroupe.com\\\/es\\\/\",\"logo\":{\"@type\":\"ImageObject\",\"inLanguage\":\"es-ES\",\"@id\":\"https:\\\/\\\/www.cimgroupe.com\\\/es\\\/#\\\/schema\\\/logo\\\/image\\\/\",\"url\":\"https:\\\/\\\/www.cimgroupe.com\\\/wp-content\\\/uploads\\\/2023\\\/08\\\/CIM-aJohnCockerillCompany-rgb.jpg\",\"contentUrl\":\"https:\\\/\\\/www.cimgroupe.com\\\/wp-content\\\/uploads\\\/2023\\\/08\\\/CIM-aJohnCockerillCompany-rgb.jpg\",\"width\":887,\"height\":369,\"caption\":\"CIM\"},\"image\":{\"@id\":\"https:\\\/\\\/www.cimgroupe.com\\\/es\\\/#\\\/schema\\\/logo\\\/image\\\/\"},\"sameAs\":[\"https:\\\/\\\/www.linkedin.com\\\/company\\\/cim---compagnie-internationale-de-maintenance\\\/mycompany\"]}]}<\/script>\n<!-- \/ Yoast SEO plugin. -->","yoast_head_json":{"title":"Estudios y Concepci\u00f3n - CIM Groupe","robots":{"index":"index","follow":"follow","max-snippet":"max-snippet:-1","max-image-preview":"max-image-preview:large","max-video-preview":"max-video-preview:-1"},"canonical":"https:\/\/www.cimgroupe.com\/es\/estudios-y-concepcion\/","og_locale":"es_ES","og_type":"article","og_title":"Estudios y Concepci\u00f3n - CIM Groupe","og_url":"https:\/\/www.cimgroupe.com\/es\/estudios-y-concepcion\/","og_site_name":"CIM Groupe","article_modified_time":"2021-09-14T10:51:38+00:00","twitter_card":"summary_large_image","schema":{"@context":"https:\/\/schema.org","@graph":[{"@type":"WebPage","@id":"https:\/\/www.cimgroupe.com\/es\/estudios-y-concepcion\/","url":"https:\/\/www.cimgroupe.com\/es\/estudios-y-concepcion\/","name":"Estudios y Concepci\u00f3n - CIM Groupe","isPartOf":{"@id":"https:\/\/www.cimgroupe.com\/es\/#website"},"datePublished":"2021-09-14T10:49:14+00:00","dateModified":"2021-09-14T10:51:38+00:00","breadcrumb":{"@id":"https:\/\/www.cimgroupe.com\/es\/estudios-y-concepcion\/#breadcrumb"},"inLanguage":"es-ES","potentialAction":[{"@type":"ReadAction","target":["https:\/\/www.cimgroupe.com\/es\/estudios-y-concepcion\/"]}]},{"@type":"BreadcrumbList","@id":"https:\/\/www.cimgroupe.com\/es\/estudios-y-concepcion\/#breadcrumb","itemListElement":[{"@type":"ListItem","position":1,"name":"Accueil","item":"https:\/\/www.cimgroupe.com\/es\/"},{"@type":"ListItem","position":2,"name":"Estudios y Concepci\u00f3n"}]},{"@type":"WebSite","@id":"https:\/\/www.cimgroupe.com\/es\/#website","url":"https:\/\/www.cimgroupe.com\/es\/","name":"CIM Groupe","description":"Compagnie Internationale de Maintenance","publisher":{"@id":"https:\/\/www.cimgroupe.com\/es\/#organization"},"potentialAction":[{"@type":"SearchAction","target":{"@type":"EntryPoint","urlTemplate":"https:\/\/www.cimgroupe.com\/es\/?s={search_term_string}"},"query-input":{"@type":"PropertyValueSpecification","valueRequired":true,"valueName":"search_term_string"}}],"inLanguage":"es-ES"},{"@type":"Organization","@id":"https:\/\/www.cimgroupe.com\/es\/#organization","name":"CIM","url":"https:\/\/www.cimgroupe.com\/es\/","logo":{"@type":"ImageObject","inLanguage":"es-ES","@id":"https:\/\/www.cimgroupe.com\/es\/#\/schema\/logo\/image\/","url":"https:\/\/www.cimgroupe.com\/wp-content\/uploads\/2023\/08\/CIM-aJohnCockerillCompany-rgb.jpg","contentUrl":"https:\/\/www.cimgroupe.com\/wp-content\/uploads\/2023\/08\/CIM-aJohnCockerillCompany-rgb.jpg","width":887,"height":369,"caption":"CIM"},"image":{"@id":"https:\/\/www.cimgroupe.com\/es\/#\/schema\/logo\/image\/"},"sameAs":["https:\/\/www.linkedin.com\/company\/cim---compagnie-internationale-de-maintenance\/mycompany"]}]}},"_links":{"self":[{"href":"https:\/\/www.cimgroupe.com\/es\/wp-json\/wp\/v2\/pages\/2092","targetHints":{"allow":["GET"]}}],"collection":[{"href":"https:\/\/www.cimgroupe.com\/es\/wp-json\/wp\/v2\/pages"}],"about":[{"href":"https:\/\/www.cimgroupe.com\/es\/wp-json\/wp\/v2\/types\/page"}],"author":[{"embeddable":true,"href":"https:\/\/www.cimgroupe.com\/es\/wp-json\/wp\/v2\/users\/1"}],"replies":[{"embeddable":true,"href":"https:\/\/www.cimgroupe.com\/es\/wp-json\/wp\/v2\/comments?post=2092"}],"version-history":[{"count":2,"href":"https:\/\/www.cimgroupe.com\/es\/wp-json\/wp\/v2\/pages\/2092\/revisions"}],"predecessor-version":[{"id":2095,"href":"https:\/\/www.cimgroupe.com\/es\/wp-json\/wp\/v2\/pages\/2092\/revisions\/2095"}],"wp:attachment":[{"href":"https:\/\/www.cimgroupe.com\/es\/wp-json\/wp\/v2\/media?parent=2092"}],"curies":[{"name":"wp","href":"https:\/\/api.w.org\/{rel}","templated":true}]}}